{"id":2141,"date":"2019-05-18T09:09:29","date_gmt":"2019-05-18T09:09:29","guid":{"rendered":"http:\/\/hoosierrally.ca\/about\/"},"modified":"2020-08-25T02:03:37","modified_gmt":"2020-08-25T02:03:37","slug":"about","status":"publish","type":"page","link":"https:\/\/hoosierrally.ca\/fr\/about\/","title":{"rendered":"\u00c0 propos de Hoosier"},"content":{"rendered":"\n<figure class=\"wp-block-image alignwide size-large\"><img loading=\"lazy\" decoding=\"async\" width=\"1024\" height=\"486\" src=\"https:\/\/hoosierrally.ca\/wp-content\/uploads\/2019\/12\/HoosierHeritage-1024x486.jpg\" alt=\"Hoosier Heritage\" class=\"wp-image-2066\" srcset=\"https:\/\/hoosierrally.ca\/wp-content\/uploads\/2019\/12\/HoosierHeritage-1024x486.jpg 1024w, https:\/\/hoosierrally.ca\/wp-content\/uploads\/2019\/12\/HoosierHeritage-300x142.jpg 300w, https:\/\/hoosierrally.ca\/wp-content\/uploads\/2019\/12\/HoosierHeritage-768x364.jpg 768w, https:\/\/hoosierrally.ca\/wp-content\/uploads\/2019\/12\/HoosierHeritage.jpg 1493w\" sizes=\"auto, (max-width: 1024px) 100vw, 1024px\" \/><\/figure>\n\n\n<h2>Mission Statement<\/h2>\n<p>Our mission is to be the dominant, customer driven, provider of racing tires to racing teams domestically and internationally.<\/p>\n<p>Our Corporation&rsquo;s existence and continued success are dependent upon how well we meet our responsibilities to serve our customers by providing safe quality products to amateur and professional motorsports.<\/p>\n\n\n<h2 class=\"wp-block-heading\">H\u00e9ritage<\/h2>\n\n\n\n<p>L&rsquo;histoire de Hoosier Racing Tire est celle d&rsquo;un r\u00eave am\u00e9ricain devenu r\u00e9alit\u00e9 pour deux jeunes entrepreneurs de l&rsquo;Indiana qui ont transform\u00e9 une vision personnelle en r\u00e9alit\u00e9.<\/p>\n\n\n\n<p>Cela a commenc\u00e9 au d\u00e9but des ann\u00e9es 1950 lorsque Bob Newton, avec son \u00e9pouse Joyce, a commenc\u00e9 une carri\u00e8re de course r\u00e9ussie sur les petites pistes asphalt\u00e9es du nord de l&rsquo;Indiana. Bob, comme beaucoup de ses coll\u00e8gues conducteurs, n&rsquo;\u00e9tait pas satisfait de conduire sur des pneus de rue avec leurs options de dimensionnement limit\u00e9es et leurs compos\u00e9s de bande de roulement durs. C&rsquo;est au cours de ces premiers jours que Bob a eu la vision de produire ses propres pneus sp\u00e9cialement con\u00e7us pour la course.<\/p>\n\n\n\n<p>En 1957, Bob et Joyce ont d\u00e9cid\u00e9 de commencer \u00e0 produire leurs propres pneus de course en rechapant les pneus de rue avec des compos\u00e9s plus tendres. Ils ont commenc\u00e9 leur entreprise dans une ancienne \u00e9table abandonn\u00e9e \u00e0 South Bend, Indiana, vendant leurs pneus \u00e0 des coureurs locaux. Le nom Hoosier a \u00e9t\u00e9 choisi pour leur entreprise afin de refl\u00e9ter l&rsquo;origine des racines de course de Bob sur les pistes courtes du Midwest.<\/p>\n\n\n\n<p>La couleur violette qui incarne aujourd&rsquo;hui la marque Hoosier Tire provient de la couleur de la premi\u00e8re voiture de course de Bob.<\/p>\n\n\n\n<p>En 1988, Hoosier Tire a franchi une \u00e9tape importante en entrant dans la NASCAR Winston Cup Series (actuellement Monster Energy). Au cours de la premi\u00e8re ann\u00e9e, Hoosier a remport\u00e9 neuf victoires tout en remportant sa victoire de marque au Dayona 500 en 1989.<\/p>\n\n\n\n<p>En 1992, Hoosier a franchi une autre \u00e9tape audacieuse et a d\u00e9cid\u00e9 de construire sa deuxi\u00e8me usine de pneus en vue du retour de la soci\u00e9t\u00e9 dans la s\u00e9rie Winston Cup de NASCAR. Cette usine de pneus \u00e9tait uniquement consacr\u00e9e \u00e0 la fabrication de pneus de course radiaux tubeless pour rouler sur des pistes \u00e0 des vitesses sup\u00e9rieures \u00e0 200 mph.<\/p>\n\n\n\n<p>Au tournant du si\u00e8cle, Hoosier Tire a \u00e9galement achev\u00e9 un vaste programme pluriannuel de consolidation et de mise \u00e0 niveau de l&rsquo;usine qui a r\u00e9uni toutes les op\u00e9rations en un seul et m\u00eame complexe.<\/p>\n\n\n\n<p>Le 4 octobre 2016, Hoosier Racing Tire a \u00e9t\u00e9 achet\u00e9 par Continental Tire.<\/p>\n\n\n\n<p>Aujourd&rsquo;hui, Hoosier Racing Tire est le plus grand fabricant de pneus de course au monde. Hoosier s&rsquo;est d\u00e9velopp\u00e9 pour produire plus de 1000 types de pneus de course diff\u00e9rents. L&rsquo;entreprise poss\u00e8de sa propre roue d&rsquo;essai de 300 mi \/ h; un centre de technologie; des installations de production ultramodernes et enti\u00e8rement int\u00e9gr\u00e9es ajoutant r\u00e9cemment une usine de m\u00e9lange de haute technologie, avec une capacit\u00e9 suffisante pour produire non seulement pour Hoosier Racing Tire, mais aussi pour avoir la capacit\u00e9 de produire du caoutchouc pour des entit\u00e9s suppl\u00e9mentaires ainsi qu&rsquo;un mod\u00e8le r\u00e9seau de vente et de distribution.<\/p>\n\n\n\n<p>Avec des centaines de vainqueurs de courses couronn\u00e9s chaque ann\u00e9e, nous sommes vraiment des \u00abpneus con\u00e7us pour les champions\u00bb.<\/p>\n","protected":false},"excerpt":{"rendered":"<p>Mission Statement Our mission is to be the dominant, customer driven, provider of racing tires to racing teams domestically and internationally. Our Corporation&rsquo;s existence and continued success are dependent upon how well we meet our responsibilities to serve our customers by providing safe quality products to amateur and professional motorsports. H\u00e9ritage L&rsquo;histoire de Hoosier Racing &#8230; <a title=\"\u00c0 propos de Hoosier\" class=\"read-more\" href=\"https:\/\/hoosierrally.ca\/fr\/about\/\" aria-label=\"En savoir plus sur \u00c0 propos de Hoosier\">Lire la suite<\/a><\/p>\n","protected":false},"author":1,"featured_media":0,"parent":0,"menu_order":0,"comment_status":"closed","ping_status":"closed","template":"","meta":{"_coblocks_attr":"","_coblocks_dimensions":"","_coblocks_responsive_height":"","_coblocks_accordion_ie_support":"","footnotes":""},"class_list":["post-2141","page","type-page","status-publish"],"yoast_head":"<!-- This site is optimized with the Yoast SEO plugin v27.2 - https:\/\/yoast.com\/product\/yoast-seo-wordpress\/ -->\n<title>\u00c0 propos de Hoosier - Hoosier Rally Canada<\/title>\n<meta name=\"robots\" content=\"index, follow, max-snippet:-1, max-image-preview:large, max-video-preview:-1\" \/>\n<link rel=\"canonical\" href=\"https:\/\/hoosierrally.ca\/fr\/about\/\" \/>\n<meta property=\"og:locale\" content=\"fr_FR\" \/>\n<meta property=\"og:type\" content=\"article\" \/>\n<meta property=\"og:title\" content=\"\u00c0 propos de Hoosier - Hoosier Rally Canada\" \/>\n<meta property=\"og:description\" content=\"Mission Statement Our mission is to be the dominant, customer driven, provider of racing tires to racing teams domestically and internationally. Our Corporation&rsquo;s existence and continued success are dependent upon how well we meet our responsibilities to serve our customers by providing safe quality products to amateur and professional motorsports. H\u00e9ritage L&rsquo;histoire de Hoosier Racing ... Lire la suite\" \/>\n<meta property=\"og:url\" content=\"https:\/\/hoosierrally.ca\/fr\/about\/\" \/>\n<meta property=\"og:site_name\" content=\"Hoosier Rally Canada\" \/>\n<meta property=\"article:publisher\" content=\"https:\/\/www.facebook.com\/hoosiertire\" \/>\n<meta property=\"article:modified_time\" content=\"2020-08-25T02:03:37+00:00\" \/>\n<meta property=\"og:image\" content=\"https:\/\/hoosierrally.ca\/wp-content\/uploads\/2019\/12\/HoosierHeritage-1024x486.jpg\" \/>\n<meta name=\"twitter:card\" content=\"summary_large_image\" \/>\n<meta name=\"twitter:site\" content=\"@HoosierTire\" \/>\n<meta name=\"twitter:label1\" content=\"Dur\u00e9e de lecture estim\u00e9e\" \/>\n\t<meta name=\"twitter:data1\" content=\"3 minutes\" \/>\n<script type=\"application\/ld+json\" class=\"yoast-schema-graph\">{\"@context\":\"https:\/\/schema.org\",\"@graph\":[{\"@type\":\"WebPage\",\"@id\":\"https:\/\/hoosierrally.ca\/fr\/about\/\",\"url\":\"https:\/\/hoosierrally.ca\/fr\/about\/\",\"name\":\"\u00c0 propos de Hoosier - Hoosier Rally Canada\",\"isPartOf\":{\"@id\":\"https:\/\/hoosierrally.ca\/fr\/#website\"},\"primaryImageOfPage\":{\"@id\":\"https:\/\/hoosierrally.ca\/fr\/about\/#primaryimage\"},\"image\":{\"@id\":\"https:\/\/hoosierrally.ca\/fr\/about\/#primaryimage\"},\"thumbnailUrl\":\"https:\/\/hoosierrally.ca\/wp-content\/uploads\/2019\/12\/HoosierHeritage-1024x486.jpg\",\"datePublished\":\"2019-05-18T09:09:29+00:00\",\"dateModified\":\"2020-08-25T02:03:37+00:00\",\"breadcrumb\":{\"@id\":\"https:\/\/hoosierrally.ca\/fr\/about\/#breadcrumb\"},\"inLanguage\":\"fr-FR\",\"potentialAction\":[{\"@type\":\"ReadAction\",\"target\":[\"https:\/\/hoosierrally.ca\/fr\/about\/\"]}]},{\"@type\":\"ImageObject\",\"inLanguage\":\"fr-FR\",\"@id\":\"https:\/\/hoosierrally.ca\/fr\/about\/#primaryimage\",\"url\":\"https:\/\/hoosierrally.ca\/wp-content\/uploads\/2019\/12\/HoosierHeritage-1024x486.jpg\",\"contentUrl\":\"https:\/\/hoosierrally.ca\/wp-content\/uploads\/2019\/12\/HoosierHeritage-1024x486.jpg\"},{\"@type\":\"BreadcrumbList\",\"@id\":\"https:\/\/hoosierrally.ca\/fr\/about\/#breadcrumb\",\"itemListElement\":[{\"@type\":\"ListItem\",\"position\":1,\"name\":\"Home\",\"item\":\"https:\/\/hoosierrally.ca\/fr\/\"},{\"@type\":\"ListItem\",\"position\":2,\"name\":\"\u00c0 propos de Hoosier\"}]},{\"@type\":\"WebSite\",\"@id\":\"https:\/\/hoosierrally.ca\/fr\/#website\",\"url\":\"https:\/\/hoosierrally.ca\/fr\/\",\"name\":\"Hoosier Rally Tires Canada\",\"description\":\"&quot;TIRES DESIGNED FOR CHAMPIONS&quot;\",\"publisher\":{\"@id\":\"https:\/\/hoosierrally.ca\/fr\/#organization\"},\"potentialAction\":[{\"@type\":\"SearchAction\",\"target\":{\"@type\":\"EntryPoint\",\"urlTemplate\":\"https:\/\/hoosierrally.ca\/fr\/?s={search_term_string}\"},\"query-input\":{\"@type\":\"PropertyValueSpecification\",\"valueRequired\":true,\"valueName\":\"search_term_string\"}}],\"inLanguage\":\"fr-FR\"},{\"@type\":\"Organization\",\"@id\":\"https:\/\/hoosierrally.ca\/fr\/#organization\",\"name\":\"Hoosier Rally Tires anada\",\"url\":\"https:\/\/hoosierrally.ca\/fr\/\",\"logo\":{\"@type\":\"ImageObject\",\"inLanguage\":\"fr-FR\",\"@id\":\"https:\/\/hoosierrally.ca\/fr\/#\/schema\/logo\/image\/\",\"url\":\"https:\/\/hoosierrally.ca\/wp-content\/uploads\/2019\/12\/Hoosier-Tire-Logo-small.jpg\",\"contentUrl\":\"https:\/\/hoosierrally.ca\/wp-content\/uploads\/2019\/12\/Hoosier-Tire-Logo-small.jpg\",\"width\":400,\"height\":138,\"caption\":\"Hoosier Rally Tires anada\"},\"image\":{\"@id\":\"https:\/\/hoosierrally.ca\/fr\/#\/schema\/logo\/image\/\"},\"sameAs\":[\"https:\/\/www.facebook.com\/hoosiertire\",\"https:\/\/x.com\/HoosierTire\",\"https:\/\/www.instagram.com\/hoosiertire\/\",\"https:\/\/www.linkedin.com\/company\/hoosier-racing-tire-corp.\/\",\"https:\/\/www.youtube.com\/channel\/UCleVCeHUiKF6ADTIBl1vN7A\",\"https:\/\/en.wikipedia.org\/wiki\/Hoosier_Racing_Tire\"]}]}<\/script>\n<!-- \/ Yoast SEO plugin. -->","yoast_head_json":{"title":"\u00c0 propos de Hoosier - Hoosier Rally Canada","robots":{"index":"index","follow":"follow","max-snippet":"max-snippet:-1","max-image-preview":"max-image-preview:large","max-video-preview":"max-video-preview:-1"},"canonical":"https:\/\/hoosierrally.ca\/fr\/about\/","og_locale":"fr_FR","og_type":"article","og_title":"\u00c0 propos de Hoosier - Hoosier Rally Canada","og_description":"Mission Statement Our mission is to be the dominant, customer driven, provider of racing tires to racing teams domestically and internationally. Our Corporation&rsquo;s existence and continued success are dependent upon how well we meet our responsibilities to serve our customers by providing safe quality products to amateur and professional motorsports. H\u00e9ritage L&rsquo;histoire de Hoosier Racing ... Lire la suite","og_url":"https:\/\/hoosierrally.ca\/fr\/about\/","og_site_name":"Hoosier Rally Canada","article_publisher":"https:\/\/www.facebook.com\/hoosiertire","article_modified_time":"2020-08-25T02:03:37+00:00","og_image":[{"url":"https:\/\/hoosierrally.ca\/wp-content\/uploads\/2019\/12\/HoosierHeritage-1024x486.jpg","type":"","width":"","height":""}],"twitter_card":"summary_large_image","twitter_site":"@HoosierTire","twitter_misc":{"Dur\u00e9e de lecture estim\u00e9e":"3 minutes"},"schema":{"@context":"https:\/\/schema.org","@graph":[{"@type":"WebPage","@id":"https:\/\/hoosierrally.ca\/fr\/about\/","url":"https:\/\/hoosierrally.ca\/fr\/about\/","name":"\u00c0 propos de Hoosier - Hoosier Rally Canada","isPartOf":{"@id":"https:\/\/hoosierrally.ca\/fr\/#website"},"primaryImageOfPage":{"@id":"https:\/\/hoosierrally.ca\/fr\/about\/#primaryimage"},"image":{"@id":"https:\/\/hoosierrally.ca\/fr\/about\/#primaryimage"},"thumbnailUrl":"https:\/\/hoosierrally.ca\/wp-content\/uploads\/2019\/12\/HoosierHeritage-1024x486.jpg","datePublished":"2019-05-18T09:09:29+00:00","dateModified":"2020-08-25T02:03:37+00:00","breadcrumb":{"@id":"https:\/\/hoosierrally.ca\/fr\/about\/#breadcrumb"},"inLanguage":"fr-FR","potentialAction":[{"@type":"ReadAction","target":["https:\/\/hoosierrally.ca\/fr\/about\/"]}]},{"@type":"ImageObject","inLanguage":"fr-FR","@id":"https:\/\/hoosierrally.ca\/fr\/about\/#primaryimage","url":"https:\/\/hoosierrally.ca\/wp-content\/uploads\/2019\/12\/HoosierHeritage-1024x486.jpg","contentUrl":"https:\/\/hoosierrally.ca\/wp-content\/uploads\/2019\/12\/HoosierHeritage-1024x486.jpg"},{"@type":"BreadcrumbList","@id":"https:\/\/hoosierrally.ca\/fr\/about\/#breadcrumb","itemListElement":[{"@type":"ListItem","position":1,"name":"Home","item":"https:\/\/hoosierrally.ca\/fr\/"},{"@type":"ListItem","position":2,"name":"\u00c0 propos de Hoosier"}]},{"@type":"WebSite","@id":"https:\/\/hoosierrally.ca\/fr\/#website","url":"https:\/\/hoosierrally.ca\/fr\/","name":"Hoosier Rally Tires Canada","description":"&quot;TIRES DESIGNED FOR CHAMPIONS&quot;","publisher":{"@id":"https:\/\/hoosierrally.ca\/fr\/#organization"},"potentialAction":[{"@type":"SearchAction","target":{"@type":"EntryPoint","urlTemplate":"https:\/\/hoosierrally.ca\/fr\/?s={search_term_string}"},"query-input":{"@type":"PropertyValueSpecification","valueRequired":true,"valueName":"search_term_string"}}],"inLanguage":"fr-FR"},{"@type":"Organization","@id":"https:\/\/hoosierrally.ca\/fr\/#organization","name":"Hoosier Rally Tires anada","url":"https:\/\/hoosierrally.ca\/fr\/","logo":{"@type":"ImageObject","inLanguage":"fr-FR","@id":"https:\/\/hoosierrally.ca\/fr\/#\/schema\/logo\/image\/","url":"https:\/\/hoosierrally.ca\/wp-content\/uploads\/2019\/12\/Hoosier-Tire-Logo-small.jpg","contentUrl":"https:\/\/hoosierrally.ca\/wp-content\/uploads\/2019\/12\/Hoosier-Tire-Logo-small.jpg","width":400,"height":138,"caption":"Hoosier Rally Tires anada"},"image":{"@id":"https:\/\/hoosierrally.ca\/fr\/#\/schema\/logo\/image\/"},"sameAs":["https:\/\/www.facebook.com\/hoosiertire","https:\/\/x.com\/HoosierTire","https:\/\/www.instagram.com\/hoosiertire\/","https:\/\/www.linkedin.com\/company\/hoosier-racing-tire-corp.\/","https:\/\/www.youtube.com\/channel\/UCleVCeHUiKF6ADTIBl1vN7A","https:\/\/en.wikipedia.org\/wiki\/Hoosier_Racing_Tire"]}]}},"_links":{"self":[{"href":"https:\/\/hoosierrally.ca\/fr\/wp-json\/wp\/v2\/pages\/2141","targetHints":{"allow":["GET"]}}],"collection":[{"href":"https:\/\/hoosierrally.ca\/fr\/wp-json\/wp\/v2\/pages"}],"about":[{"href":"https:\/\/hoosierrally.ca\/fr\/wp-json\/wp\/v2\/types\/page"}],"author":[{"embeddable":true,"href":"https:\/\/hoosierrally.ca\/fr\/wp-json\/wp\/v2\/users\/1"}],"replies":[{"embeddable":true,"href":"https:\/\/hoosierrally.ca\/fr\/wp-json\/wp\/v2\/comments?post=2141"}],"version-history":[{"count":1,"href":"https:\/\/hoosierrally.ca\/fr\/wp-json\/wp\/v2\/pages\/2141\/revisions"}],"predecessor-version":[{"id":2144,"href":"https:\/\/hoosierrally.ca\/fr\/wp-json\/wp\/v2\/pages\/2141\/revisions\/2144"}],"wp:attachment":[{"href":"https:\/\/hoosierrally.ca\/fr\/wp-json\/wp\/v2\/media?parent=2141"}],"curies":[{"name":"wp","href":"https:\/\/api.w.org\/{rel}","templated":true}]}}