{"id":2148,"date":"2019-05-18T03:22:42","date_gmt":"2019-05-18T03:22:42","guid":{"rendered":"http:\/\/hoosierrally.ca\/faqs\/"},"modified":"2020-08-25T02:24:02","modified_gmt":"2020-08-25T02:24:02","slug":"faqs","status":"publish","type":"page","link":"https:\/\/hoosierrally.ca\/fr\/faqs\/","title":{"rendered":"Questions fr\u00e9quemment pos\u00e9es"},"content":{"rendered":"\n<h2 class=\"wp-block-heading\"><strong>Temp\u00e9ratures de la bande de roulement<\/strong><\/h2>\n\n\n\n<p>L&rsquo;utilisation d&rsquo;un pyrom\u00e8tre \u00e0 sonde \u00e0 aiguille est le meilleur indicateur pour les r\u00e9glages finaux du v\u00e9hicule &#8211; pour le carrossage et le pincement. Mesurez en trois points: \u00e0 l&rsquo;int\u00e9rieur, au centre et \u00e0 l&rsquo;ext\u00e9rieur et en restant dans un \u00e9cart de 25 degr\u00e9s de l&rsquo;int\u00e9rieur vers l&rsquo;ext\u00e9rieur, l&rsquo;int\u00e9rieur \u00e9tant le plus chaud.<br>Un v\u00e9hicule bien \u00e9quilibr\u00e9 sera \u00e9galement \u00e0 moins de 25 degr\u00e9s de l&rsquo;avant vers l&rsquo;arri\u00e8re en fonction de la temp\u00e9rature des pneus.<\/p>\n\n\n\n<hr class=\"wp-block-separator\"\/>\n\n\n\n<h2 class=\"wp-block-heading\"><strong>Pressions des pneus<\/strong><\/h2>\n\n\n\n<p>Les pressions de fonctionnement des pneus varient en fonction du type et du poids du v\u00e9hicule. Au fur et \u00e0 mesure que le poids et les vitesses augmentent, la pression de service doit \u00eatre augment\u00e9e.<br>Les pressions de service \u00e0 chaud sont g\u00e9n\u00e9ralement comprises entre 32 et 36 psi. Les pressions froides initiales varieront afin d&rsquo;obtenir les pressions chaudes. Le pneu ne doit pas \u00eatre utilis\u00e9 \u00e0 des pressions inf\u00e9rieures \u00e0 24 psi. Des pressions trop basses entra\u00eeneront une force excessive sur les flancs ou le pneu se d\u00e9tachera de la jante.<\/p>\n\n\n\n<hr class=\"wp-block-separator\"\/>\n\n\n\n<h2 class=\"wp-block-heading\"><strong>Informations suppl\u00e9mentaires sur le rainurage<\/strong><\/h2>\n\n\n\n<div class=\"wp-block-image\"><figure class=\"aligncenter size-large\"><img loading=\"lazy\" decoding=\"async\" width=\"472\" height=\"210\" src=\"https:\/\/hoosierrally.ca\/wp-content\/uploads\/2019\/12\/gravel-rally-tires-grooving.jpg\" alt=\"gravel-rally-tires-grooving\" class=\"wp-image-2051\" srcset=\"https:\/\/hoosierrally.ca\/wp-content\/uploads\/2019\/12\/gravel-rally-tires-grooving.jpg 472w, https:\/\/hoosierrally.ca\/wp-content\/uploads\/2019\/12\/gravel-rally-tires-grooving-300x133.jpg 300w\" sizes=\"auto, (max-width: 472px) 100vw, 472px\" \/><\/figure><\/div>\n\n\n\n<hr class=\"wp-block-separator\"\/>\n\n\n\n<h2 class=\"wp-block-heading\"><strong>Informations de configuration de base<\/strong><\/h2>\n\n\n\n<p>Pour commencer l&rsquo;ajustement :\u00a0<br>D\u00e9marrer la pression \u00e0 froid: 25-26 psi cherchant \u00e0 atteindre 30-32 psi chaud<br><strong>Devant<\/strong><br>&#8211; Camber \u00a0: -1 degr\u00e9s<br>&#8211; Toe : 0<br><strong>Arri\u00e8re<\/strong> \u00a0 \u00a0 \u00a0 \u00a0 <br>&#8211; Camber : 0 to -1\/2 degr\u00e9s<br>&#8211; Toe : 0 \u00a0 <\/p>\n\n\n\n<p><\/p>\n","protected":false},"excerpt":{"rendered":"<p>Temp\u00e9ratures de la bande de roulement L&rsquo;utilisation d&rsquo;un pyrom\u00e8tre \u00e0 sonde \u00e0 aiguille est le meilleur indicateur pour les r\u00e9glages finaux du v\u00e9hicule &#8211; pour le carrossage et le pincement. Mesurez en trois points: \u00e0 l&rsquo;int\u00e9rieur, au centre et \u00e0 l&rsquo;ext\u00e9rieur et en restant dans un \u00e9cart de 25 degr\u00e9s de l&rsquo;int\u00e9rieur vers l&rsquo;ext\u00e9rieur, l&rsquo;int\u00e9rieur &#8230; <a title=\"Questions fr\u00e9quemment pos\u00e9es\" class=\"read-more\" href=\"https:\/\/hoosierrally.ca\/fr\/faqs\/\" aria-label=\"En savoir plus sur Questions fr\u00e9quemment pos\u00e9es\">Lire la suite<\/a><\/p>\n","protected":false},"author":1,"featured_media":0,"parent":0,"menu_order":0,"comment_status":"closed","ping_status":"closed","template":"","meta":{"_coblocks_attr":"","_coblocks_dimensions":"","_coblocks_responsive_height":"","_coblocks_accordion_ie_support":"","footnotes":""},"class_list":["post-2148","page","type-page","status-publish"],"yoast_head":"<!-- This site is optimized with the Yoast SEO plugin v27.2 - https:\/\/yoast.com\/product\/yoast-seo-wordpress\/ -->\n<title>Questions fr\u00e9quemment pos\u00e9es - Hoosier Rally Canada<\/title>\n<meta name=\"robots\" content=\"index, follow, max-snippet:-1, max-image-preview:large, max-video-preview:-1\" \/>\n<link rel=\"canonical\" href=\"https:\/\/hoosierrally.ca\/fr\/faqs\/\" \/>\n<meta property=\"og:locale\" content=\"fr_FR\" \/>\n<meta property=\"og:type\" content=\"article\" \/>\n<meta property=\"og:title\" content=\"Questions fr\u00e9quemment pos\u00e9es - Hoosier Rally Canada\" \/>\n<meta property=\"og:description\" content=\"Temp\u00e9ratures de la bande de roulement L&rsquo;utilisation d&rsquo;un pyrom\u00e8tre \u00e0 sonde \u00e0 aiguille est le meilleur indicateur pour les r\u00e9glages finaux du v\u00e9hicule &#8211; pour le carrossage et le pincement. Mesurez en trois points: \u00e0 l&rsquo;int\u00e9rieur, au centre et \u00e0 l&rsquo;ext\u00e9rieur et en restant dans un \u00e9cart de 25 degr\u00e9s de l&rsquo;int\u00e9rieur vers l&rsquo;ext\u00e9rieur, l&rsquo;int\u00e9rieur ... Lire la suite\" \/>\n<meta property=\"og:url\" content=\"https:\/\/hoosierrally.ca\/fr\/faqs\/\" \/>\n<meta property=\"og:site_name\" content=\"Hoosier Rally Canada\" \/>\n<meta property=\"article:publisher\" content=\"https:\/\/www.facebook.com\/hoosiertire\" \/>\n<meta property=\"article:modified_time\" content=\"2020-08-25T02:24:02+00:00\" \/>\n<meta property=\"og:image\" content=\"https:\/\/hoosierrally.ca\/wp-content\/uploads\/2019\/12\/gravel-rally-tires-grooving.jpg\" \/>\n<meta name=\"twitter:card\" content=\"summary_large_image\" \/>\n<meta name=\"twitter:site\" content=\"@HoosierTire\" \/>\n<meta name=\"twitter:label1\" content=\"Dur\u00e9e de lecture estim\u00e9e\" \/>\n\t<meta name=\"twitter:data1\" content=\"1 minute\" \/>\n<script type=\"application\/ld+json\" class=\"yoast-schema-graph\">{\"@context\":\"https:\/\/schema.org\",\"@graph\":[{\"@type\":\"WebPage\",\"@id\":\"https:\/\/hoosierrally.ca\/fr\/faqs\/\",\"url\":\"https:\/\/hoosierrally.ca\/fr\/faqs\/\",\"name\":\"Questions fr\u00e9quemment pos\u00e9es - Hoosier Rally Canada\",\"isPartOf\":{\"@id\":\"https:\/\/hoosierrally.ca\/fr\/#website\"},\"primaryImageOfPage\":{\"@id\":\"https:\/\/hoosierrally.ca\/fr\/faqs\/#primaryimage\"},\"image\":{\"@id\":\"https:\/\/hoosierrally.ca\/fr\/faqs\/#primaryimage\"},\"thumbnailUrl\":\"https:\/\/hoosierrally.ca\/wp-content\/uploads\/2019\/12\/gravel-rally-tires-grooving.jpg\",\"datePublished\":\"2019-05-18T03:22:42+00:00\",\"dateModified\":\"2020-08-25T02:24:02+00:00\",\"breadcrumb\":{\"@id\":\"https:\/\/hoosierrally.ca\/fr\/faqs\/#breadcrumb\"},\"inLanguage\":\"fr-FR\",\"potentialAction\":[{\"@type\":\"ReadAction\",\"target\":[\"https:\/\/hoosierrally.ca\/fr\/faqs\/\"]}]},{\"@type\":\"ImageObject\",\"inLanguage\":\"fr-FR\",\"@id\":\"https:\/\/hoosierrally.ca\/fr\/faqs\/#primaryimage\",\"url\":\"https:\/\/hoosierrally.ca\/wp-content\/uploads\/2019\/12\/gravel-rally-tires-grooving.jpg\",\"contentUrl\":\"https:\/\/hoosierrally.ca\/wp-content\/uploads\/2019\/12\/gravel-rally-tires-grooving.jpg\"},{\"@type\":\"BreadcrumbList\",\"@id\":\"https:\/\/hoosierrally.ca\/fr\/faqs\/#breadcrumb\",\"itemListElement\":[{\"@type\":\"ListItem\",\"position\":1,\"name\":\"Home\",\"item\":\"https:\/\/hoosierrally.ca\/fr\/\"},{\"@type\":\"ListItem\",\"position\":2,\"name\":\"Questions fr\u00e9quemment pos\u00e9es\"}]},{\"@type\":\"WebSite\",\"@id\":\"https:\/\/hoosierrally.ca\/fr\/#website\",\"url\":\"https:\/\/hoosierrally.ca\/fr\/\",\"name\":\"Hoosier Rally Tires Canada\",\"description\":\"&quot;TIRES DESIGNED FOR CHAMPIONS&quot;\",\"publisher\":{\"@id\":\"https:\/\/hoosierrally.ca\/fr\/#organization\"},\"potentialAction\":[{\"@type\":\"SearchAction\",\"target\":{\"@type\":\"EntryPoint\",\"urlTemplate\":\"https:\/\/hoosierrally.ca\/fr\/?s={search_term_string}\"},\"query-input\":{\"@type\":\"PropertyValueSpecification\",\"valueRequired\":true,\"valueName\":\"search_term_string\"}}],\"inLanguage\":\"fr-FR\"},{\"@type\":\"Organization\",\"@id\":\"https:\/\/hoosierrally.ca\/fr\/#organization\",\"name\":\"Hoosier Rally Tires anada\",\"url\":\"https:\/\/hoosierrally.ca\/fr\/\",\"logo\":{\"@type\":\"ImageObject\",\"inLanguage\":\"fr-FR\",\"@id\":\"https:\/\/hoosierrally.ca\/fr\/#\/schema\/logo\/image\/\",\"url\":\"https:\/\/hoosierrally.ca\/wp-content\/uploads\/2019\/12\/Hoosier-Tire-Logo-small.jpg\",\"contentUrl\":\"https:\/\/hoosierrally.ca\/wp-content\/uploads\/2019\/12\/Hoosier-Tire-Logo-small.jpg\",\"width\":400,\"height\":138,\"caption\":\"Hoosier Rally Tires anada\"},\"image\":{\"@id\":\"https:\/\/hoosierrally.ca\/fr\/#\/schema\/logo\/image\/\"},\"sameAs\":[\"https:\/\/www.facebook.com\/hoosiertire\",\"https:\/\/x.com\/HoosierTire\",\"https:\/\/www.instagram.com\/hoosiertire\/\",\"https:\/\/www.linkedin.com\/company\/hoosier-racing-tire-corp.\/\",\"https:\/\/www.youtube.com\/channel\/UCleVCeHUiKF6ADTIBl1vN7A\",\"https:\/\/en.wikipedia.org\/wiki\/Hoosier_Racing_Tire\"]}]}<\/script>\n<!-- \/ Yoast SEO plugin. -->","yoast_head_json":{"title":"Questions fr\u00e9quemment pos\u00e9es - Hoosier Rally Canada","robots":{"index":"index","follow":"follow","max-snippet":"max-snippet:-1","max-image-preview":"max-image-preview:large","max-video-preview":"max-video-preview:-1"},"canonical":"https:\/\/hoosierrally.ca\/fr\/faqs\/","og_locale":"fr_FR","og_type":"article","og_title":"Questions fr\u00e9quemment pos\u00e9es - Hoosier Rally Canada","og_description":"Temp\u00e9ratures de la bande de roulement L&rsquo;utilisation d&rsquo;un pyrom\u00e8tre \u00e0 sonde \u00e0 aiguille est le meilleur indicateur pour les r\u00e9glages finaux du v\u00e9hicule &#8211; pour le carrossage et le pincement. Mesurez en trois points: \u00e0 l&rsquo;int\u00e9rieur, au centre et \u00e0 l&rsquo;ext\u00e9rieur et en restant dans un \u00e9cart de 25 degr\u00e9s de l&rsquo;int\u00e9rieur vers l&rsquo;ext\u00e9rieur, l&rsquo;int\u00e9rieur ... Lire la suite","og_url":"https:\/\/hoosierrally.ca\/fr\/faqs\/","og_site_name":"Hoosier Rally Canada","article_publisher":"https:\/\/www.facebook.com\/hoosiertire","article_modified_time":"2020-08-25T02:24:02+00:00","og_image":[{"url":"https:\/\/hoosierrally.ca\/wp-content\/uploads\/2019\/12\/gravel-rally-tires-grooving.jpg","type":"","width":"","height":""}],"twitter_card":"summary_large_image","twitter_site":"@HoosierTire","twitter_misc":{"Dur\u00e9e de lecture estim\u00e9e":"1 minute"},"schema":{"@context":"https:\/\/schema.org","@graph":[{"@type":"WebPage","@id":"https:\/\/hoosierrally.ca\/fr\/faqs\/","url":"https:\/\/hoosierrally.ca\/fr\/faqs\/","name":"Questions fr\u00e9quemment pos\u00e9es - Hoosier Rally Canada","isPartOf":{"@id":"https:\/\/hoosierrally.ca\/fr\/#website"},"primaryImageOfPage":{"@id":"https:\/\/hoosierrally.ca\/fr\/faqs\/#primaryimage"},"image":{"@id":"https:\/\/hoosierrally.ca\/fr\/faqs\/#primaryimage"},"thumbnailUrl":"https:\/\/hoosierrally.ca\/wp-content\/uploads\/2019\/12\/gravel-rally-tires-grooving.jpg","datePublished":"2019-05-18T03:22:42+00:00","dateModified":"2020-08-25T02:24:02+00:00","breadcrumb":{"@id":"https:\/\/hoosierrally.ca\/fr\/faqs\/#breadcrumb"},"inLanguage":"fr-FR","potentialAction":[{"@type":"ReadAction","target":["https:\/\/hoosierrally.ca\/fr\/faqs\/"]}]},{"@type":"ImageObject","inLanguage":"fr-FR","@id":"https:\/\/hoosierrally.ca\/fr\/faqs\/#primaryimage","url":"https:\/\/hoosierrally.ca\/wp-content\/uploads\/2019\/12\/gravel-rally-tires-grooving.jpg","contentUrl":"https:\/\/hoosierrally.ca\/wp-content\/uploads\/2019\/12\/gravel-rally-tires-grooving.jpg"},{"@type":"BreadcrumbList","@id":"https:\/\/hoosierrally.ca\/fr\/faqs\/#breadcrumb","itemListElement":[{"@type":"ListItem","position":1,"name":"Home","item":"https:\/\/hoosierrally.ca\/fr\/"},{"@type":"ListItem","position":2,"name":"Questions fr\u00e9quemment pos\u00e9es"}]},{"@type":"WebSite","@id":"https:\/\/hoosierrally.ca\/fr\/#website","url":"https:\/\/hoosierrally.ca\/fr\/","name":"Hoosier Rally Tires Canada","description":"&quot;TIRES DESIGNED FOR CHAMPIONS&quot;","publisher":{"@id":"https:\/\/hoosierrally.ca\/fr\/#organization"},"potentialAction":[{"@type":"SearchAction","target":{"@type":"EntryPoint","urlTemplate":"https:\/\/hoosierrally.ca\/fr\/?s={search_term_string}"},"query-input":{"@type":"PropertyValueSpecification","valueRequired":true,"valueName":"search_term_string"}}],"inLanguage":"fr-FR"},{"@type":"Organization","@id":"https:\/\/hoosierrally.ca\/fr\/#organization","name":"Hoosier Rally Tires anada","url":"https:\/\/hoosierrally.ca\/fr\/","logo":{"@type":"ImageObject","inLanguage":"fr-FR","@id":"https:\/\/hoosierrally.ca\/fr\/#\/schema\/logo\/image\/","url":"https:\/\/hoosierrally.ca\/wp-content\/uploads\/2019\/12\/Hoosier-Tire-Logo-small.jpg","contentUrl":"https:\/\/hoosierrally.ca\/wp-content\/uploads\/2019\/12\/Hoosier-Tire-Logo-small.jpg","width":400,"height":138,"caption":"Hoosier Rally Tires anada"},"image":{"@id":"https:\/\/hoosierrally.ca\/fr\/#\/schema\/logo\/image\/"},"sameAs":["https:\/\/www.facebook.com\/hoosiertire","https:\/\/x.com\/HoosierTire","https:\/\/www.instagram.com\/hoosiertire\/","https:\/\/www.linkedin.com\/company\/hoosier-racing-tire-corp.\/","https:\/\/www.youtube.com\/channel\/UCleVCeHUiKF6ADTIBl1vN7A","https:\/\/en.wikipedia.org\/wiki\/Hoosier_Racing_Tire"]}]}},"_links":{"self":[{"href":"https:\/\/hoosierrally.ca\/fr\/wp-json\/wp\/v2\/pages\/2148","targetHints":{"allow":["GET"]}}],"collection":[{"href":"https:\/\/hoosierrally.ca\/fr\/wp-json\/wp\/v2\/pages"}],"about":[{"href":"https:\/\/hoosierrally.ca\/fr\/wp-json\/wp\/v2\/types\/page"}],"author":[{"embeddable":true,"href":"https:\/\/hoosierrally.ca\/fr\/wp-json\/wp\/v2\/users\/1"}],"replies":[{"embeddable":true,"href":"https:\/\/hoosierrally.ca\/fr\/wp-json\/wp\/v2\/comments?post=2148"}],"version-history":[{"count":1,"href":"https:\/\/hoosierrally.ca\/fr\/wp-json\/wp\/v2\/pages\/2148\/revisions"}],"predecessor-version":[{"id":2150,"href":"https:\/\/hoosierrally.ca\/fr\/wp-json\/wp\/v2\/pages\/2148\/revisions\/2150"}],"wp:attachment":[{"href":"https:\/\/hoosierrally.ca\/fr\/wp-json\/wp\/v2\/media?parent=2148"}],"curies":[{"name":"wp","href":"https:\/\/api.w.org\/{rel}","templated":true}]}}