{"id":2151,"date":"2019-12-14T15:46:03","date_gmt":"2019-12-14T15:46:03","guid":{"rendered":"http:\/\/hoosierrally.ca\/gravel-rally-tires\/"},"modified":"2023-10-18T02:23:07","modified_gmt":"2023-10-18T02:23:07","slug":"gravel-rally-tires","status":"publish","type":"page","link":"https:\/\/hoosierrally.ca\/fr\/gravel-rally-tires\/","title":{"rendered":"Pneus de rallye sur Gravel"},"content":{"rendered":"\n<div class=\"wp-block-columns is-layout-flex wp-container-core-columns-is-layout-9d6595d7 wp-block-columns-is-layout-flex\">\n<div class=\"wp-block-column is-layout-flow wp-block-column-is-layout-flow\" style=\"flex-basis:33.33%\">\n<figure class=\"wp-block-image size-large\"><img loading=\"lazy\" decoding=\"async\" width=\"400\" height=\"585\" src=\"http:\/\/hoosierrally.ca\/wp-content\/uploads\/2019\/12\/rally.jpg\" alt=\"Hoosier Gravel Rally Tires\" class=\"wp-image-1988\" srcset=\"https:\/\/hoosierrally.ca\/wp-content\/uploads\/2019\/12\/rally.jpg 400w, https:\/\/hoosierrally.ca\/wp-content\/uploads\/2019\/12\/rally-205x300.jpg 205w\" sizes=\"auto, (max-width: 400px) 100vw, 400px\" \/><figcaption class=\"wp-element-caption\">Pneus de rally sur gravel Hoosier<\/figcaption><\/figure>\n<\/div>\n\n\n\n<div class=\"wp-block-column is-layout-flow wp-block-column-is-layout-flow\" style=\"flex-basis:66.66%\">\n<p>S&rsquo;appuyant sur notre gamme gagnante de pneus de course, Hoosier propose nos pneus Gravel Rally \u00e9prouv\u00e9s en course. Disponible en trois tailles de 15 \u00ab\u00a0et deux tailles de 13\u00a0\u00bb. Fabriqu\u00e9 avec une bande de roulement asym\u00e9trique qui offre des performances sur des surfaces molles et l\u00e2ches, moul\u00e9 dans des lamelles qui facilitent le freinage et la traction tout en maintenant un excellent niveau d&rsquo;usure. Les blocs d&rsquo;\u00e9paulement de d\u00e9viation des roches et la conception de paroi lat\u00e9rale renforc\u00e9e offrent une r\u00e9sistance \u00e0 la perforation. Une conception de paroi lat\u00e9rale unique qui prot\u00e8ge la jante et la paroi lat\u00e9rale des chocs accidentels.<\/p>\n\n\n\n<div class=\"wp-block-buttons is-layout-flex wp-block-buttons-is-layout-flex\">\n<div class=\"wp-block-button\"><a class=\"wp-block-button__link wp-element-button\" href=\"https:\/\/hoosierrally.ca\/fr\/categorie-produit\/pneus-de-gravel\/\">Voir les options de pneus<\/a><\/div>\n<\/div>\n<\/div>\n<\/div>\n\n\n<div class=\"wp-block-image\">\n<figure class=\"aligncenter size-large\"><img loading=\"lazy\" decoding=\"async\" width=\"1024\" height=\"768\" src=\"http:\/\/hoosierrally.ca\/wp-content\/uploads\/2019\/12\/mattias-olsson.jpg\" alt=\"Mattias Olsson - Ford Fiesta Hoosier Rally Tires\" class=\"wp-image-2006\" srcset=\"https:\/\/hoosierrally.ca\/wp-content\/uploads\/2019\/12\/mattias-olsson.jpg 1024w, https:\/\/hoosierrally.ca\/wp-content\/uploads\/2019\/12\/mattias-olsson-300x225.jpg 300w, https:\/\/hoosierrally.ca\/wp-content\/uploads\/2019\/12\/mattias-olsson-768x576.jpg 768w\" sizes=\"auto, (max-width: 1024px) 100vw, 1024px\" \/><figcaption class=\"wp-element-caption\">Mattias Olsson &#8211; Ford Fiesta Hoosier Rally Tires<\/figcaption><\/figure>\n<\/div>\n\n\n<h2 class=\"wp-block-heading\">Tire Sizes<\/h2>\n\n\n\n<figure class=\"wp-block-image size-large\"><a href=\"https:\/\/hoosierrally.ca\/wp-content\/uploads\/2019\/12\/hoosier-gravel-rally-tires-size.jpg\"><img loading=\"lazy\" decoding=\"async\" width=\"1024\" height=\"323\" src=\"http:\/\/hoosierrally.ca\/wp-content\/uploads\/2019\/12\/hoosier-gravel-rally-tires-size-1024x323.jpg\" alt=\"Hoosier Gravel Rally Tires Sizes\" class=\"wp-image-2022\" srcset=\"https:\/\/hoosierrally.ca\/wp-content\/uploads\/2019\/12\/hoosier-gravel-rally-tires-size-1024x323.jpg 1024w, https:\/\/hoosierrally.ca\/wp-content\/uploads\/2019\/12\/hoosier-gravel-rally-tires-size-300x95.jpg 300w, https:\/\/hoosierrally.ca\/wp-content\/uploads\/2019\/12\/hoosier-gravel-rally-tires-size-768x242.jpg 768w, https:\/\/hoosierrally.ca\/wp-content\/uploads\/2019\/12\/hoosier-gravel-rally-tires-size-1536x484.jpg 1536w, https:\/\/hoosierrally.ca\/wp-content\/uploads\/2019\/12\/hoosier-gravel-rally-tires-size.jpg 1600w\" sizes=\"auto, (max-width: 1024px) 100vw, 1024px\" \/><\/a><figcaption class=\"wp-element-caption\">Grandeur des pneus de rallye sur gravel de Hoosier<\/figcaption><\/figure>\n\n\n\n<p><a aria-label=\" (opens in a new tab)\" rel=\"noreferrer noopener\" href=\"http:\/\/hoosierrally.ca\/wp-content\/uploads\/2019\/12\/hoosier-rally-tires-specifications-PDF.pdf\" target=\"_blank\">T\u00e9l\u00e9charger la fiche de sp\u00e9cifications des pneus de rallye sur gravel de Hoosier<\/a><\/p>\n\n\n\n<p><\/p>\n","protected":false},"excerpt":{"rendered":"<p>S&rsquo;appuyant sur notre gamme gagnante de pneus de course, Hoosier propose nos pneus Gravel Rally \u00e9prouv\u00e9s en course. Disponible en trois tailles de 15 \u00ab\u00a0et deux tailles de 13\u00a0\u00bb. Fabriqu\u00e9 avec une bande de roulement asym\u00e9trique qui offre des performances sur des surfaces molles et l\u00e2ches, moul\u00e9 dans des lamelles qui facilitent le freinage et &#8230; <a title=\"Pneus de rallye sur Gravel\" class=\"read-more\" href=\"https:\/\/hoosierrally.ca\/fr\/gravel-rally-tires\/\" aria-label=\"En savoir plus sur Pneus de rallye sur Gravel\">Lire la suite<\/a><\/p>\n","protected":false},"author":1,"featured_media":0,"parent":0,"menu_order":0,"comment_status":"closed","ping_status":"closed","template":"","meta":{"_coblocks_attr":"","_coblocks_dimensions":"","_coblocks_responsive_height":"","_coblocks_accordion_ie_support":"","footnotes":""},"class_list":["post-2151","page","type-page","status-publish"],"yoast_head":"<!-- This site is optimized with the Yoast SEO plugin v27.2 - https:\/\/yoast.com\/product\/yoast-seo-wordpress\/ -->\n<title>Pneus de rallye sur Gravel - Hoosier Rally Canada<\/title>\n<meta name=\"robots\" content=\"index, follow, max-snippet:-1, max-image-preview:large, max-video-preview:-1\" \/>\n<link rel=\"canonical\" href=\"https:\/\/hoosierrally.ca\/fr\/gravel-rally-tires\/\" \/>\n<meta property=\"og:locale\" content=\"fr_FR\" \/>\n<meta property=\"og:type\" content=\"article\" \/>\n<meta property=\"og:title\" content=\"Pneus de rallye sur Gravel - Hoosier Rally Canada\" \/>\n<meta property=\"og:description\" content=\"S&rsquo;appuyant sur notre gamme gagnante de pneus de course, Hoosier propose nos pneus Gravel Rally \u00e9prouv\u00e9s en course. Disponible en trois tailles de 15 \u00ab\u00a0et deux tailles de 13\u00a0\u00bb. Fabriqu\u00e9 avec une bande de roulement asym\u00e9trique qui offre des performances sur des surfaces molles et l\u00e2ches, moul\u00e9 dans des lamelles qui facilitent le freinage et ... Lire la suite\" \/>\n<meta property=\"og:url\" content=\"https:\/\/hoosierrally.ca\/fr\/gravel-rally-tires\/\" \/>\n<meta property=\"og:site_name\" content=\"Hoosier Rally Canada\" \/>\n<meta property=\"article:publisher\" content=\"https:\/\/www.facebook.com\/hoosiertire\" \/>\n<meta property=\"article:modified_time\" content=\"2023-10-18T02:23:07+00:00\" \/>\n<meta property=\"og:image\" content=\"http:\/\/hoosierrally.ca\/wp-content\/uploads\/2019\/12\/rally.jpg\" \/>\n<meta name=\"twitter:card\" content=\"summary_large_image\" \/>\n<meta name=\"twitter:site\" content=\"@HoosierTire\" \/>\n<meta name=\"twitter:label1\" content=\"Dur\u00e9e de lecture estim\u00e9e\" \/>\n\t<meta name=\"twitter:data1\" content=\"2 minutes\" \/>\n<script type=\"application\/ld+json\" class=\"yoast-schema-graph\">{\"@context\":\"https:\/\/schema.org\",\"@graph\":[{\"@type\":\"WebPage\",\"@id\":\"https:\/\/hoosierrally.ca\/fr\/gravel-rally-tires\/\",\"url\":\"https:\/\/hoosierrally.ca\/fr\/gravel-rally-tires\/\",\"name\":\"Pneus de rallye sur Gravel - Hoosier Rally Canada\",\"isPartOf\":{\"@id\":\"https:\/\/hoosierrally.ca\/fr\/#website\"},\"primaryImageOfPage\":{\"@id\":\"https:\/\/hoosierrally.ca\/fr\/gravel-rally-tires\/#primaryimage\"},\"image\":{\"@id\":\"https:\/\/hoosierrally.ca\/fr\/gravel-rally-tires\/#primaryimage\"},\"thumbnailUrl\":\"http:\/\/hoosierrally.ca\/wp-content\/uploads\/2019\/12\/rally.jpg\",\"datePublished\":\"2019-12-14T15:46:03+00:00\",\"dateModified\":\"2023-10-18T02:23:07+00:00\",\"breadcrumb\":{\"@id\":\"https:\/\/hoosierrally.ca\/fr\/gravel-rally-tires\/#breadcrumb\"},\"inLanguage\":\"fr-FR\",\"potentialAction\":[{\"@type\":\"ReadAction\",\"target\":[\"https:\/\/hoosierrally.ca\/fr\/gravel-rally-tires\/\"]}]},{\"@type\":\"ImageObject\",\"inLanguage\":\"fr-FR\",\"@id\":\"https:\/\/hoosierrally.ca\/fr\/gravel-rally-tires\/#primaryimage\",\"url\":\"http:\/\/hoosierrally.ca\/wp-content\/uploads\/2019\/12\/rally.jpg\",\"contentUrl\":\"http:\/\/hoosierrally.ca\/wp-content\/uploads\/2019\/12\/rally.jpg\"},{\"@type\":\"BreadcrumbList\",\"@id\":\"https:\/\/hoosierrally.ca\/fr\/gravel-rally-tires\/#breadcrumb\",\"itemListElement\":[{\"@type\":\"ListItem\",\"position\":1,\"name\":\"Home\",\"item\":\"https:\/\/hoosierrally.ca\/fr\/\"},{\"@type\":\"ListItem\",\"position\":2,\"name\":\"Pneus de rallye sur Gravel\"}]},{\"@type\":\"WebSite\",\"@id\":\"https:\/\/hoosierrally.ca\/fr\/#website\",\"url\":\"https:\/\/hoosierrally.ca\/fr\/\",\"name\":\"Hoosier Rally Tires Canada\",\"description\":\"&quot;TIRES DESIGNED FOR CHAMPIONS&quot;\",\"publisher\":{\"@id\":\"https:\/\/hoosierrally.ca\/fr\/#organization\"},\"potentialAction\":[{\"@type\":\"SearchAction\",\"target\":{\"@type\":\"EntryPoint\",\"urlTemplate\":\"https:\/\/hoosierrally.ca\/fr\/?s={search_term_string}\"},\"query-input\":{\"@type\":\"PropertyValueSpecification\",\"valueRequired\":true,\"valueName\":\"search_term_string\"}}],\"inLanguage\":\"fr-FR\"},{\"@type\":\"Organization\",\"@id\":\"https:\/\/hoosierrally.ca\/fr\/#organization\",\"name\":\"Hoosier Rally Tires anada\",\"url\":\"https:\/\/hoosierrally.ca\/fr\/\",\"logo\":{\"@type\":\"ImageObject\",\"inLanguage\":\"fr-FR\",\"@id\":\"https:\/\/hoosierrally.ca\/fr\/#\/schema\/logo\/image\/\",\"url\":\"https:\/\/hoosierrally.ca\/wp-content\/uploads\/2019\/12\/Hoosier-Tire-Logo-small.jpg\",\"contentUrl\":\"https:\/\/hoosierrally.ca\/wp-content\/uploads\/2019\/12\/Hoosier-Tire-Logo-small.jpg\",\"width\":400,\"height\":138,\"caption\":\"Hoosier Rally Tires anada\"},\"image\":{\"@id\":\"https:\/\/hoosierrally.ca\/fr\/#\/schema\/logo\/image\/\"},\"sameAs\":[\"https:\/\/www.facebook.com\/hoosiertire\",\"https:\/\/x.com\/HoosierTire\",\"https:\/\/www.instagram.com\/hoosiertire\/\",\"https:\/\/www.linkedin.com\/company\/hoosier-racing-tire-corp.\/\",\"https:\/\/www.youtube.com\/channel\/UCleVCeHUiKF6ADTIBl1vN7A\",\"https:\/\/en.wikipedia.org\/wiki\/Hoosier_Racing_Tire\"]}]}<\/script>\n<!-- \/ Yoast SEO plugin. -->","yoast_head_json":{"title":"Pneus de rallye sur Gravel - Hoosier Rally Canada","robots":{"index":"index","follow":"follow","max-snippet":"max-snippet:-1","max-image-preview":"max-image-preview:large","max-video-preview":"max-video-preview:-1"},"canonical":"https:\/\/hoosierrally.ca\/fr\/gravel-rally-tires\/","og_locale":"fr_FR","og_type":"article","og_title":"Pneus de rallye sur Gravel - Hoosier Rally Canada","og_description":"S&rsquo;appuyant sur notre gamme gagnante de pneus de course, Hoosier propose nos pneus Gravel Rally \u00e9prouv\u00e9s en course. Disponible en trois tailles de 15 \u00ab\u00a0et deux tailles de 13\u00a0\u00bb. Fabriqu\u00e9 avec une bande de roulement asym\u00e9trique qui offre des performances sur des surfaces molles et l\u00e2ches, moul\u00e9 dans des lamelles qui facilitent le freinage et ... Lire la suite","og_url":"https:\/\/hoosierrally.ca\/fr\/gravel-rally-tires\/","og_site_name":"Hoosier Rally Canada","article_publisher":"https:\/\/www.facebook.com\/hoosiertire","article_modified_time":"2023-10-18T02:23:07+00:00","og_image":[{"url":"http:\/\/hoosierrally.ca\/wp-content\/uploads\/2019\/12\/rally.jpg","type":"","width":"","height":""}],"twitter_card":"summary_large_image","twitter_site":"@HoosierTire","twitter_misc":{"Dur\u00e9e de lecture estim\u00e9e":"2 minutes"},"schema":{"@context":"https:\/\/schema.org","@graph":[{"@type":"WebPage","@id":"https:\/\/hoosierrally.ca\/fr\/gravel-rally-tires\/","url":"https:\/\/hoosierrally.ca\/fr\/gravel-rally-tires\/","name":"Pneus de rallye sur Gravel - Hoosier Rally Canada","isPartOf":{"@id":"https:\/\/hoosierrally.ca\/fr\/#website"},"primaryImageOfPage":{"@id":"https:\/\/hoosierrally.ca\/fr\/gravel-rally-tires\/#primaryimage"},"image":{"@id":"https:\/\/hoosierrally.ca\/fr\/gravel-rally-tires\/#primaryimage"},"thumbnailUrl":"http:\/\/hoosierrally.ca\/wp-content\/uploads\/2019\/12\/rally.jpg","datePublished":"2019-12-14T15:46:03+00:00","dateModified":"2023-10-18T02:23:07+00:00","breadcrumb":{"@id":"https:\/\/hoosierrally.ca\/fr\/gravel-rally-tires\/#breadcrumb"},"inLanguage":"fr-FR","potentialAction":[{"@type":"ReadAction","target":["https:\/\/hoosierrally.ca\/fr\/gravel-rally-tires\/"]}]},{"@type":"ImageObject","inLanguage":"fr-FR","@id":"https:\/\/hoosierrally.ca\/fr\/gravel-rally-tires\/#primaryimage","url":"http:\/\/hoosierrally.ca\/wp-content\/uploads\/2019\/12\/rally.jpg","contentUrl":"http:\/\/hoosierrally.ca\/wp-content\/uploads\/2019\/12\/rally.jpg"},{"@type":"BreadcrumbList","@id":"https:\/\/hoosierrally.ca\/fr\/gravel-rally-tires\/#breadcrumb","itemListElement":[{"@type":"ListItem","position":1,"name":"Home","item":"https:\/\/hoosierrally.ca\/fr\/"},{"@type":"ListItem","position":2,"name":"Pneus de rallye sur Gravel"}]},{"@type":"WebSite","@id":"https:\/\/hoosierrally.ca\/fr\/#website","url":"https:\/\/hoosierrally.ca\/fr\/","name":"Hoosier Rally Tires Canada","description":"&quot;TIRES DESIGNED FOR CHAMPIONS&quot;","publisher":{"@id":"https:\/\/hoosierrally.ca\/fr\/#organization"},"potentialAction":[{"@type":"SearchAction","target":{"@type":"EntryPoint","urlTemplate":"https:\/\/hoosierrally.ca\/fr\/?s={search_term_string}"},"query-input":{"@type":"PropertyValueSpecification","valueRequired":true,"valueName":"search_term_string"}}],"inLanguage":"fr-FR"},{"@type":"Organization","@id":"https:\/\/hoosierrally.ca\/fr\/#organization","name":"Hoosier Rally Tires anada","url":"https:\/\/hoosierrally.ca\/fr\/","logo":{"@type":"ImageObject","inLanguage":"fr-FR","@id":"https:\/\/hoosierrally.ca\/fr\/#\/schema\/logo\/image\/","url":"https:\/\/hoosierrally.ca\/wp-content\/uploads\/2019\/12\/Hoosier-Tire-Logo-small.jpg","contentUrl":"https:\/\/hoosierrally.ca\/wp-content\/uploads\/2019\/12\/Hoosier-Tire-Logo-small.jpg","width":400,"height":138,"caption":"Hoosier Rally Tires anada"},"image":{"@id":"https:\/\/hoosierrally.ca\/fr\/#\/schema\/logo\/image\/"},"sameAs":["https:\/\/www.facebook.com\/hoosiertire","https:\/\/x.com\/HoosierTire","https:\/\/www.instagram.com\/hoosiertire\/","https:\/\/www.linkedin.com\/company\/hoosier-racing-tire-corp.\/","https:\/\/www.youtube.com\/channel\/UCleVCeHUiKF6ADTIBl1vN7A","https:\/\/en.wikipedia.org\/wiki\/Hoosier_Racing_Tire"]}]}},"_links":{"self":[{"href":"https:\/\/hoosierrally.ca\/fr\/wp-json\/wp\/v2\/pages\/2151","targetHints":{"allow":["GET"]}}],"collection":[{"href":"https:\/\/hoosierrally.ca\/fr\/wp-json\/wp\/v2\/pages"}],"about":[{"href":"https:\/\/hoosierrally.ca\/fr\/wp-json\/wp\/v2\/types\/page"}],"author":[{"embeddable":true,"href":"https:\/\/hoosierrally.ca\/fr\/wp-json\/wp\/v2\/users\/1"}],"replies":[{"embeddable":true,"href":"https:\/\/hoosierrally.ca\/fr\/wp-json\/wp\/v2\/comments?post=2151"}],"version-history":[{"count":6,"href":"https:\/\/hoosierrally.ca\/fr\/wp-json\/wp\/v2\/pages\/2151\/revisions"}],"predecessor-version":[{"id":2619,"href":"https:\/\/hoosierrally.ca\/fr\/wp-json\/wp\/v2\/pages\/2151\/revisions\/2619"}],"wp:attachment":[{"href":"https:\/\/hoosierrally.ca\/fr\/wp-json\/wp\/v2\/media?parent=2151"}],"curies":[{"name":"wp","href":"https:\/\/api.w.org\/{rel}","templated":true}]}}