{"id":2157,"date":"2019-12-14T16:12:29","date_gmt":"2019-12-14T16:12:29","guid":{"rendered":"http:\/\/hoosierrally.ca\/rally-teams\/"},"modified":"2020-08-25T02:53:05","modified_gmt":"2020-08-25T02:53:05","slug":"equipes-de-rallye-roulant-les-pneus-hoosier-au-canada","status":"publish","type":"page","link":"https:\/\/hoosierrally.ca\/fr\/equipes-de-rallye-roulant-les-pneus-hoosier-au-canada\/","title":{"rendered":"\u00c9quipes de rallye roulant les pneus Hoosier au Canada"},"content":{"rendered":"\n<h2 class=\"wp-block-heading\">Laverdi\u00e8re Rally Team<\/h2>\n\n\n\n<p>L&rsquo;\u00e9quipe du Qu\u00e9bec, Canada utilise nos pneus depuis 3 saisons maintenant. Ils coursent avec une Mitsubishi EVO 8 au plus haut niveau du Championnat canadien des rallyes (classe Open). Le Rallye Charlevoix 2019 \u00e9tait leur premi\u00e8re victoire nationale au classement g\u00e9n\u00e9ral. \u00c0 cet \u00e9v\u00e9nement, ils ont utilis\u00e9 les pneus de gravel et de Tarmac de Hoosier.<\/p>\n\n\n\n<figure class=\"wp-block-image size-large\"><img loading=\"lazy\" decoding=\"async\" width=\"1000\" height=\"667\" src=\"http:\/\/hoosierrally.ca\/wp-content\/uploads\/2019\/12\/IMG_6638-2.jpg\" alt=\"Laverdi\u00e8re Rally Team Wins at Charlevoix\" class=\"wp-image-1983\" srcset=\"https:\/\/hoosierrally.ca\/wp-content\/uploads\/2019\/12\/IMG_6638-2.jpg 1000w, https:\/\/hoosierrally.ca\/wp-content\/uploads\/2019\/12\/IMG_6638-2-300x200.jpg 300w, https:\/\/hoosierrally.ca\/wp-content\/uploads\/2019\/12\/IMG_6638-2-768x512.jpg 768w\" sizes=\"auto, (max-width: 1000px) 100vw, 1000px\" \/><figcaption>Laverdi\u00e8re Rally Team l&#8217;emporte au rally de Charlevoix 2019<\/figcaption><\/figure>\n\n\n\n<blockquote class=\"wp-block-quote is-layout-flow wp-block-quote-is-layout-flow\"><p><em>\u00ab\u00a0C&rsquo;est vraiment simple, depuis que nous avons commenc\u00e9 \u00e0 utiliser les pneus Hoosier Rally, nous n&rsquo;avons JAMAIS eu de crevaison! Seulement c&rsquo;est un gros avantage en termes de performances mais aussi de budget. Ils peuvent durer jusqu&rsquo;\u00e0 50% de plus que ce que nous avions l&rsquo;habitude de courir. avec avant Hoosier. \u00c0 Charlevoix l&rsquo;an dernier, nous avons remport\u00e9 le rallye avec un seul jeu de pneus compos\u00e9s moyens. La traction \u00e0 l&rsquo;acc\u00e9l\u00e9ration et au freinage est tr\u00e8s bonne du d\u00e9but \u00e0 la fin. Ils ont une relation \u00e9troite avec leurs \u00e9quipes, \u00e9tant l\u00e0 \u00e0 les \u00e9v\u00e9nements ou r\u00e9pondre rapidement aux e-mails pour nous aider \u00e0 performer. Tout le monde devrait les essayer! \u00ab\u00a0<\/em><\/p><cite>\u2014 Nicolas Laverdi\u00e8re <em>(Pilote de l&rsquo;\u00e9quipe)<\/em><\/cite><\/blockquote>\n\n\n\n<p>Vous pouvez les suivre sur leur site web au <a aria-label=\"www.laverdiererallyteam.com (opens in a new tab)\" rel=\"noreferrer noopener\" href=\"http:\/\/www.laverdiererallyteam.com\" target=\"_blank\">www.laverdiererallyteam.com<\/a> , sur leur <a href=\"https:\/\/www.facebook.com\/LaverdiereRallyTeam\">Page Facebook<\/a>, sur <a aria-label=\"Instagram (opens in a new tab)\" rel=\"noreferrer noopener\" href=\"https:\/\/www.instagram.com\/laverdiererallyteam\/\" target=\"_blank\">Instagram<\/a> et sur leur <a aria-label=\"Youtube Page (opens in a new tab)\" href=\"https:\/\/www.youtube.com\/user\/laverdiererallyteam\/videos\" target=\"_blank\" rel=\"noreferrer noopener\">Page Youtube<\/a><\/p>\n\n\n\n<h2 class=\"wp-block-heading\">Mal Swann Rally Team<\/h2>\n\n\n\n<figure class=\"wp-block-image size-large\"><img loading=\"lazy\" decoding=\"async\" width=\"960\" height=\"640\" src=\"http:\/\/hoosierrally.ca\/wp-content\/uploads\/2020\/03\/67124138_2554331297919547_2641542132719943680_o.jpg\" alt=\"Mal Swann Rally Team from New Brunswick, Canada jumping at New England Forest Rally in 2019\" class=\"wp-image-2113\" srcset=\"https:\/\/hoosierrally.ca\/wp-content\/uploads\/2020\/03\/67124138_2554331297919547_2641542132719943680_o.jpg 960w, https:\/\/hoosierrally.ca\/wp-content\/uploads\/2020\/03\/67124138_2554331297919547_2641542132719943680_o-300x200.jpg 300w, https:\/\/hoosierrally.ca\/wp-content\/uploads\/2020\/03\/67124138_2554331297919547_2641542132719943680_o-768x512.jpg 768w\" sizes=\"auto, (max-width: 960px) 100vw, 960px\" \/><figcaption>Mal Swann Rally Team du Nouveau-Brunswick, Canada sautant au New England Forest Rally en 2019<\/figcaption><\/figure>\n\n\n\n<p>Vous pouvez les suivre sur <a aria-label=\"Facebook Page (opens in a new tab)\" rel=\"noreferrer noopener\" href=\"https:\/\/www.facebook.com\/MalSwannRally\" target=\"_blank\">Facebook<\/a> ou sur <a aria-label=\" (opens in a new tab)\" rel=\"noreferrer noopener\" href=\"https:\/\/www.instagram.com\/malswannrally\/\" target=\"_blank\">Instagram<\/a> <\/p>\n","protected":false},"excerpt":{"rendered":"<p>Laverdi\u00e8re Rally Team L&rsquo;\u00e9quipe du Qu\u00e9bec, Canada utilise nos pneus depuis 3 saisons maintenant. Ils coursent avec une Mitsubishi EVO 8 au plus haut niveau du Championnat canadien des rallyes (classe Open). Le Rallye Charlevoix 2019 \u00e9tait leur premi\u00e8re victoire nationale au classement g\u00e9n\u00e9ral. \u00c0 cet \u00e9v\u00e9nement, ils ont utilis\u00e9 les pneus de gravel et &#8230; <a title=\"\u00c9quipes de rallye roulant les pneus Hoosier au Canada\" class=\"read-more\" href=\"https:\/\/hoosierrally.ca\/fr\/equipes-de-rallye-roulant-les-pneus-hoosier-au-canada\/\" aria-label=\"En savoir plus sur \u00c9quipes de rallye roulant les pneus Hoosier au Canada\">Lire la suite<\/a><\/p>\n","protected":false},"author":1,"featured_media":0,"parent":0,"menu_order":0,"comment_status":"closed","ping_status":"closed","template":"","meta":{"_coblocks_attr":"","_coblocks_dimensions":"","_coblocks_responsive_height":"","_coblocks_accordion_ie_support":"","footnotes":""},"class_list":["post-2157","page","type-page","status-publish"],"yoast_head":"<!-- This site is optimized with the Yoast SEO plugin v27.2 - https:\/\/yoast.com\/product\/yoast-seo-wordpress\/ -->\n<title>\u00c9quipes de rallye roulant les pneus Hoosier au Canada - Hoosier Rally Canada<\/title>\n<meta name=\"robots\" content=\"index, follow, max-snippet:-1, max-image-preview:large, max-video-preview:-1\" \/>\n<link rel=\"canonical\" href=\"https:\/\/hoosierrally.ca\/fr\/equipes-de-rallye-roulant-les-pneus-hoosier-au-canada\/\" \/>\n<meta property=\"og:locale\" content=\"fr_FR\" \/>\n<meta property=\"og:type\" content=\"article\" \/>\n<meta property=\"og:title\" content=\"\u00c9quipes de rallye roulant les pneus Hoosier au Canada - Hoosier Rally Canada\" \/>\n<meta property=\"og:description\" content=\"Laverdi\u00e8re Rally Team L&rsquo;\u00e9quipe du Qu\u00e9bec, Canada utilise nos pneus depuis 3 saisons maintenant. Ils coursent avec une Mitsubishi EVO 8 au plus haut niveau du Championnat canadien des rallyes (classe Open). Le Rallye Charlevoix 2019 \u00e9tait leur premi\u00e8re victoire nationale au classement g\u00e9n\u00e9ral. \u00c0 cet \u00e9v\u00e9nement, ils ont utilis\u00e9 les pneus de gravel et ... Lire la suite\" \/>\n<meta property=\"og:url\" content=\"https:\/\/hoosierrally.ca\/fr\/equipes-de-rallye-roulant-les-pneus-hoosier-au-canada\/\" \/>\n<meta property=\"og:site_name\" content=\"Hoosier Rally Canada\" \/>\n<meta property=\"article:publisher\" content=\"https:\/\/www.facebook.com\/hoosiertire\" \/>\n<meta property=\"article:modified_time\" content=\"2020-08-25T02:53:05+00:00\" \/>\n<meta property=\"og:image\" content=\"http:\/\/hoosierrally.ca\/wp-content\/uploads\/2019\/12\/IMG_6638-2.jpg\" \/>\n<meta name=\"twitter:card\" content=\"summary_large_image\" \/>\n<meta name=\"twitter:site\" content=\"@HoosierTire\" \/>\n<meta name=\"twitter:label1\" content=\"Dur\u00e9e de lecture estim\u00e9e\" \/>\n\t<meta name=\"twitter:data1\" content=\"1 minute\" \/>\n<script type=\"application\/ld+json\" class=\"yoast-schema-graph\">{\"@context\":\"https:\/\/schema.org\",\"@graph\":[{\"@type\":\"WebPage\",\"@id\":\"https:\/\/hoosierrally.ca\/fr\/equipes-de-rallye-roulant-les-pneus-hoosier-au-canada\/\",\"url\":\"https:\/\/hoosierrally.ca\/fr\/equipes-de-rallye-roulant-les-pneus-hoosier-au-canada\/\",\"name\":\"\u00c9quipes de rallye roulant les pneus Hoosier au Canada - Hoosier Rally Canada\",\"isPartOf\":{\"@id\":\"https:\/\/hoosierrally.ca\/fr\/#website\"},\"primaryImageOfPage\":{\"@id\":\"https:\/\/hoosierrally.ca\/fr\/equipes-de-rallye-roulant-les-pneus-hoosier-au-canada\/#primaryimage\"},\"image\":{\"@id\":\"https:\/\/hoosierrally.ca\/fr\/equipes-de-rallye-roulant-les-pneus-hoosier-au-canada\/#primaryimage\"},\"thumbnailUrl\":\"http:\/\/hoosierrally.ca\/wp-content\/uploads\/2019\/12\/IMG_6638-2.jpg\",\"datePublished\":\"2019-12-14T16:12:29+00:00\",\"dateModified\":\"2020-08-25T02:53:05+00:00\",\"breadcrumb\":{\"@id\":\"https:\/\/hoosierrally.ca\/fr\/equipes-de-rallye-roulant-les-pneus-hoosier-au-canada\/#breadcrumb\"},\"inLanguage\":\"fr-FR\",\"potentialAction\":[{\"@type\":\"ReadAction\",\"target\":[\"https:\/\/hoosierrally.ca\/fr\/equipes-de-rallye-roulant-les-pneus-hoosier-au-canada\/\"]}]},{\"@type\":\"ImageObject\",\"inLanguage\":\"fr-FR\",\"@id\":\"https:\/\/hoosierrally.ca\/fr\/equipes-de-rallye-roulant-les-pneus-hoosier-au-canada\/#primaryimage\",\"url\":\"http:\/\/hoosierrally.ca\/wp-content\/uploads\/2019\/12\/IMG_6638-2.jpg\",\"contentUrl\":\"http:\/\/hoosierrally.ca\/wp-content\/uploads\/2019\/12\/IMG_6638-2.jpg\"},{\"@type\":\"BreadcrumbList\",\"@id\":\"https:\/\/hoosierrally.ca\/fr\/equipes-de-rallye-roulant-les-pneus-hoosier-au-canada\/#breadcrumb\",\"itemListElement\":[{\"@type\":\"ListItem\",\"position\":1,\"name\":\"Home\",\"item\":\"https:\/\/hoosierrally.ca\/fr\/\"},{\"@type\":\"ListItem\",\"position\":2,\"name\":\"\u00c9quipes de rallye roulant les pneus Hoosier au Canada\"}]},{\"@type\":\"WebSite\",\"@id\":\"https:\/\/hoosierrally.ca\/fr\/#website\",\"url\":\"https:\/\/hoosierrally.ca\/fr\/\",\"name\":\"Hoosier Rally Tires Canada\",\"description\":\"&quot;TIRES DESIGNED FOR CHAMPIONS&quot;\",\"publisher\":{\"@id\":\"https:\/\/hoosierrally.ca\/fr\/#organization\"},\"potentialAction\":[{\"@type\":\"SearchAction\",\"target\":{\"@type\":\"EntryPoint\",\"urlTemplate\":\"https:\/\/hoosierrally.ca\/fr\/?s={search_term_string}\"},\"query-input\":{\"@type\":\"PropertyValueSpecification\",\"valueRequired\":true,\"valueName\":\"search_term_string\"}}],\"inLanguage\":\"fr-FR\"},{\"@type\":\"Organization\",\"@id\":\"https:\/\/hoosierrally.ca\/fr\/#organization\",\"name\":\"Hoosier Rally Tires anada\",\"url\":\"https:\/\/hoosierrally.ca\/fr\/\",\"logo\":{\"@type\":\"ImageObject\",\"inLanguage\":\"fr-FR\",\"@id\":\"https:\/\/hoosierrally.ca\/fr\/#\/schema\/logo\/image\/\",\"url\":\"https:\/\/hoosierrally.ca\/wp-content\/uploads\/2019\/12\/Hoosier-Tire-Logo-small.jpg\",\"contentUrl\":\"https:\/\/hoosierrally.ca\/wp-content\/uploads\/2019\/12\/Hoosier-Tire-Logo-small.jpg\",\"width\":400,\"height\":138,\"caption\":\"Hoosier Rally Tires anada\"},\"image\":{\"@id\":\"https:\/\/hoosierrally.ca\/fr\/#\/schema\/logo\/image\/\"},\"sameAs\":[\"https:\/\/www.facebook.com\/hoosiertire\",\"https:\/\/x.com\/HoosierTire\",\"https:\/\/www.instagram.com\/hoosiertire\/\",\"https:\/\/www.linkedin.com\/company\/hoosier-racing-tire-corp.\/\",\"https:\/\/www.youtube.com\/channel\/UCleVCeHUiKF6ADTIBl1vN7A\",\"https:\/\/en.wikipedia.org\/wiki\/Hoosier_Racing_Tire\"]}]}<\/script>\n<!-- \/ Yoast SEO plugin. -->","yoast_head_json":{"title":"\u00c9quipes de rallye roulant les pneus Hoosier au Canada - Hoosier Rally Canada","robots":{"index":"index","follow":"follow","max-snippet":"max-snippet:-1","max-image-preview":"max-image-preview:large","max-video-preview":"max-video-preview:-1"},"canonical":"https:\/\/hoosierrally.ca\/fr\/equipes-de-rallye-roulant-les-pneus-hoosier-au-canada\/","og_locale":"fr_FR","og_type":"article","og_title":"\u00c9quipes de rallye roulant les pneus Hoosier au Canada - Hoosier Rally Canada","og_description":"Laverdi\u00e8re Rally Team L&rsquo;\u00e9quipe du Qu\u00e9bec, Canada utilise nos pneus depuis 3 saisons maintenant. Ils coursent avec une Mitsubishi EVO 8 au plus haut niveau du Championnat canadien des rallyes (classe Open). Le Rallye Charlevoix 2019 \u00e9tait leur premi\u00e8re victoire nationale au classement g\u00e9n\u00e9ral. \u00c0 cet \u00e9v\u00e9nement, ils ont utilis\u00e9 les pneus de gravel et ... Lire la suite","og_url":"https:\/\/hoosierrally.ca\/fr\/equipes-de-rallye-roulant-les-pneus-hoosier-au-canada\/","og_site_name":"Hoosier Rally Canada","article_publisher":"https:\/\/www.facebook.com\/hoosiertire","article_modified_time":"2020-08-25T02:53:05+00:00","og_image":[{"url":"http:\/\/hoosierrally.ca\/wp-content\/uploads\/2019\/12\/IMG_6638-2.jpg","type":"","width":"","height":""}],"twitter_card":"summary_large_image","twitter_site":"@HoosierTire","twitter_misc":{"Dur\u00e9e de lecture estim\u00e9e":"1 minute"},"schema":{"@context":"https:\/\/schema.org","@graph":[{"@type":"WebPage","@id":"https:\/\/hoosierrally.ca\/fr\/equipes-de-rallye-roulant-les-pneus-hoosier-au-canada\/","url":"https:\/\/hoosierrally.ca\/fr\/equipes-de-rallye-roulant-les-pneus-hoosier-au-canada\/","name":"\u00c9quipes de rallye roulant les pneus Hoosier au Canada - Hoosier Rally Canada","isPartOf":{"@id":"https:\/\/hoosierrally.ca\/fr\/#website"},"primaryImageOfPage":{"@id":"https:\/\/hoosierrally.ca\/fr\/equipes-de-rallye-roulant-les-pneus-hoosier-au-canada\/#primaryimage"},"image":{"@id":"https:\/\/hoosierrally.ca\/fr\/equipes-de-rallye-roulant-les-pneus-hoosier-au-canada\/#primaryimage"},"thumbnailUrl":"http:\/\/hoosierrally.ca\/wp-content\/uploads\/2019\/12\/IMG_6638-2.jpg","datePublished":"2019-12-14T16:12:29+00:00","dateModified":"2020-08-25T02:53:05+00:00","breadcrumb":{"@id":"https:\/\/hoosierrally.ca\/fr\/equipes-de-rallye-roulant-les-pneus-hoosier-au-canada\/#breadcrumb"},"inLanguage":"fr-FR","potentialAction":[{"@type":"ReadAction","target":["https:\/\/hoosierrally.ca\/fr\/equipes-de-rallye-roulant-les-pneus-hoosier-au-canada\/"]}]},{"@type":"ImageObject","inLanguage":"fr-FR","@id":"https:\/\/hoosierrally.ca\/fr\/equipes-de-rallye-roulant-les-pneus-hoosier-au-canada\/#primaryimage","url":"http:\/\/hoosierrally.ca\/wp-content\/uploads\/2019\/12\/IMG_6638-2.jpg","contentUrl":"http:\/\/hoosierrally.ca\/wp-content\/uploads\/2019\/12\/IMG_6638-2.jpg"},{"@type":"BreadcrumbList","@id":"https:\/\/hoosierrally.ca\/fr\/equipes-de-rallye-roulant-les-pneus-hoosier-au-canada\/#breadcrumb","itemListElement":[{"@type":"ListItem","position":1,"name":"Home","item":"https:\/\/hoosierrally.ca\/fr\/"},{"@type":"ListItem","position":2,"name":"\u00c9quipes de rallye roulant les pneus Hoosier au Canada"}]},{"@type":"WebSite","@id":"https:\/\/hoosierrally.ca\/fr\/#website","url":"https:\/\/hoosierrally.ca\/fr\/","name":"Hoosier Rally Tires Canada","description":"&quot;TIRES DESIGNED FOR CHAMPIONS&quot;","publisher":{"@id":"https:\/\/hoosierrally.ca\/fr\/#organization"},"potentialAction":[{"@type":"SearchAction","target":{"@type":"EntryPoint","urlTemplate":"https:\/\/hoosierrally.ca\/fr\/?s={search_term_string}"},"query-input":{"@type":"PropertyValueSpecification","valueRequired":true,"valueName":"search_term_string"}}],"inLanguage":"fr-FR"},{"@type":"Organization","@id":"https:\/\/hoosierrally.ca\/fr\/#organization","name":"Hoosier Rally Tires anada","url":"https:\/\/hoosierrally.ca\/fr\/","logo":{"@type":"ImageObject","inLanguage":"fr-FR","@id":"https:\/\/hoosierrally.ca\/fr\/#\/schema\/logo\/image\/","url":"https:\/\/hoosierrally.ca\/wp-content\/uploads\/2019\/12\/Hoosier-Tire-Logo-small.jpg","contentUrl":"https:\/\/hoosierrally.ca\/wp-content\/uploads\/2019\/12\/Hoosier-Tire-Logo-small.jpg","width":400,"height":138,"caption":"Hoosier Rally Tires anada"},"image":{"@id":"https:\/\/hoosierrally.ca\/fr\/#\/schema\/logo\/image\/"},"sameAs":["https:\/\/www.facebook.com\/hoosiertire","https:\/\/x.com\/HoosierTire","https:\/\/www.instagram.com\/hoosiertire\/","https:\/\/www.linkedin.com\/company\/hoosier-racing-tire-corp.\/","https:\/\/www.youtube.com\/channel\/UCleVCeHUiKF6ADTIBl1vN7A","https:\/\/en.wikipedia.org\/wiki\/Hoosier_Racing_Tire"]}]}},"_links":{"self":[{"href":"https:\/\/hoosierrally.ca\/fr\/wp-json\/wp\/v2\/pages\/2157","targetHints":{"allow":["GET"]}}],"collection":[{"href":"https:\/\/hoosierrally.ca\/fr\/wp-json\/wp\/v2\/pages"}],"about":[{"href":"https:\/\/hoosierrally.ca\/fr\/wp-json\/wp\/v2\/types\/page"}],"author":[{"embeddable":true,"href":"https:\/\/hoosierrally.ca\/fr\/wp-json\/wp\/v2\/users\/1"}],"replies":[{"embeddable":true,"href":"https:\/\/hoosierrally.ca\/fr\/wp-json\/wp\/v2\/comments?post=2157"}],"version-history":[{"count":3,"href":"https:\/\/hoosierrally.ca\/fr\/wp-json\/wp\/v2\/pages\/2157\/revisions"}],"predecessor-version":[{"id":2163,"href":"https:\/\/hoosierrally.ca\/fr\/wp-json\/wp\/v2\/pages\/2157\/revisions\/2163"}],"wp:attachment":[{"href":"https:\/\/hoosierrally.ca\/fr\/wp-json\/wp\/v2\/media?parent=2157"}],"curies":[{"name":"wp","href":"https:\/\/api.w.org\/{rel}","templated":true}]}}