{"id":2164,"date":"2019-12-14T15:46:19","date_gmt":"2019-12-14T15:46:19","guid":{"rendered":"http:\/\/hoosierrally.ca\/tarmac-rally-tires\/"},"modified":"2021-05-14T16:56:18","modified_gmt":"2021-05-14T16:56:18","slug":"tarmac-rally-tires","status":"publish","type":"page","link":"https:\/\/hoosierrally.ca\/fr\/tarmac-rally-tires\/","title":{"rendered":"Pneus de rallye sur Tarmac"},"content":{"rendered":"\n<div class=\"wp-block-columns is-layout-flex wp-container-core-columns-is-layout-9d6595d7 wp-block-columns-is-layout-flex\">\n<div class=\"wp-block-column is-layout-flow wp-block-column-is-layout-flow\" style=\"flex-basis:33.33%\">\n<figure class=\"wp-block-image size-large\"><img loading=\"lazy\" decoding=\"async\" width=\"550\" height=\"550\" src=\"https:\/\/hoosierrally.ca\/wp-content\/uploads\/2021\/05\/Hoosier-Tarmac.jpg\" alt=\"Hoosier Tarmac Rally\" class=\"wp-image-2263\" srcset=\"https:\/\/hoosierrally.ca\/wp-content\/uploads\/2021\/05\/Hoosier-Tarmac.jpg 550w, https:\/\/hoosierrally.ca\/wp-content\/uploads\/2021\/05\/Hoosier-Tarmac-300x300.jpg 300w, https:\/\/hoosierrally.ca\/wp-content\/uploads\/2021\/05\/Hoosier-Tarmac-150x150.jpg 150w\" sizes=\"auto, (max-width: 550px) 100vw, 550px\" \/><figcaption>Hoosier Tarmac Rally<\/figcaption><\/figure>\n<\/div>\n\n\n\n<div class=\"wp-block-column is-layout-flow wp-block-column-is-layout-flow\" style=\"flex-basis:66.66%\">\n<p>Nous avons introduit les pneus Hoosier Tarmac Rally en 2015 et depuis, nous gagnons des courses. Con\u00e7u pour r\u00e9pondre \u00e0 la r\u00e9glementation FIA, il pr\u00e9sente des rainures diagonales coupant deux rainures circonf\u00e9rentielles. Disponible en quatre compos\u00e9s &#8211; humide, doux, moyen et dur. La sculpture de la bande de roulement peut \u00eatre d\u00e9coup\u00e9e en une bande de roulement interm\u00e9diaire ou mouill\u00e9e.<br><br>Deux tailles ont r\u00e9cemment pass\u00e9 le test du marquage europ\u00e9en E: <strong>185\/580R15 (195\/50R15)<\/strong>&nbsp;&amp;&nbsp;<strong>200\/650R18 (225\/40R18)<\/strong><\/p>\n<\/div>\n<\/div>\n\n\n\n<figure class=\"wp-block-image size-large\"><img loading=\"lazy\" decoding=\"async\" width=\"1024\" height=\"683\" src=\"http:\/\/hoosierrally.ca\/wp-content\/uploads\/2019\/12\/European-Rally-tarmac.jpg\" alt=\"European Rally-tarmac Tires\" class=\"wp-image-2005\" srcset=\"https:\/\/hoosierrally.ca\/wp-content\/uploads\/2019\/12\/European-Rally-tarmac.jpg 1024w, https:\/\/hoosierrally.ca\/wp-content\/uploads\/2019\/12\/European-Rally-tarmac-300x200.jpg 300w, https:\/\/hoosierrally.ca\/wp-content\/uploads\/2019\/12\/European-Rally-tarmac-768x512.jpg 768w\" sizes=\"auto, (max-width: 1024px) 100vw, 1024px\" \/><figcaption>Pneus rallye tarmac europ\u00e9en (Photo from <a aria-label=\" (opens in a new tab)\" rel=\"noreferrer noopener\" href=\"http:\/\/hoosiertire.com\" target=\"_blank\">hoosiertire.com<\/a>)<\/figcaption><\/figure>\n\n\n\n<h2 class=\"wp-block-heading\">Grandeurs de pneus de rallye<\/h2>\n\n\n\n<figure class=\"wp-block-image size-large\"><a href=\"https:\/\/hoosierrally.ca\/wp-content\/uploads\/2019\/12\/hoosier-tarmac-rally-tires-size.jpg\"><img loading=\"lazy\" decoding=\"async\" width=\"1024\" height=\"316\" src=\"http:\/\/hoosierrally.ca\/wp-content\/uploads\/2019\/12\/hoosier-tarmac-rally-tires-size-1024x316.jpg\" alt=\"Hoosier Tarmac Rally Tires Sizes\" class=\"wp-image-2026\" srcset=\"https:\/\/hoosierrally.ca\/wp-content\/uploads\/2019\/12\/hoosier-tarmac-rally-tires-size-1024x316.jpg 1024w, https:\/\/hoosierrally.ca\/wp-content\/uploads\/2019\/12\/hoosier-tarmac-rally-tires-size-300x93.jpg 300w, https:\/\/hoosierrally.ca\/wp-content\/uploads\/2019\/12\/hoosier-tarmac-rally-tires-size-768x237.jpg 768w, https:\/\/hoosierrally.ca\/wp-content\/uploads\/2019\/12\/hoosier-tarmac-rally-tires-size-1536x474.jpg 1536w, https:\/\/hoosierrally.ca\/wp-content\/uploads\/2019\/12\/hoosier-tarmac-rally-tires-size.jpg 1600w\" sizes=\"auto, (max-width: 1024px) 100vw, 1024px\" \/><\/a><figcaption>Hoosier Tarmac Rally Tires Sizes<\/figcaption><\/figure>\n\n\n\n<p><a rel=\"noreferrer noopener\" href=\"http:\/\/hoosierrally.ca\/wp-content\/uploads\/2019\/12\/hoosier-rally-tires-specifications-PDF.pdf\" target=\"_blank\">T\u00e9l\u00e9charger le PDF des sp\u00e9cifications des pneus de rallye<\/a><\/p>\n\n\n\n<h3 class=\"wp-block-heading\">Obtenir une soumission<\/h3>\n\n\n<p>[contact-form-7 id=\u00a0\u00bb2166&Prime; title=\u00a0\u00bbQuote Request Tarmac Tires_fr\u00a0\u00bb]<\/p>\n","protected":false},"excerpt":{"rendered":"<p>Nous avons introduit les pneus Hoosier Tarmac Rally en 2015 et depuis, nous gagnons des courses. Con\u00e7u pour r\u00e9pondre \u00e0 la r\u00e9glementation FIA, il pr\u00e9sente des rainures diagonales coupant deux rainures circonf\u00e9rentielles. Disponible en quatre compos\u00e9s &#8211; humide, doux, moyen et dur. La sculpture de la bande de roulement peut \u00eatre d\u00e9coup\u00e9e en une bande &#8230; <a title=\"Pneus de rallye sur Tarmac\" class=\"read-more\" href=\"https:\/\/hoosierrally.ca\/fr\/tarmac-rally-tires\/\" aria-label=\"En savoir plus sur Pneus de rallye sur Tarmac\">Lire la suite<\/a><\/p>\n","protected":false},"author":1,"featured_media":0,"parent":0,"menu_order":0,"comment_status":"closed","ping_status":"closed","template":"","meta":{"_coblocks_attr":"","_coblocks_dimensions":"","_coblocks_responsive_height":"","_coblocks_accordion_ie_support":"","footnotes":""},"class_list":["post-2164","page","type-page","status-publish"],"yoast_head":"<!-- This site is optimized with the Yoast SEO plugin v27.2 - https:\/\/yoast.com\/product\/yoast-seo-wordpress\/ -->\n<title>Pneus de rallye sur Tarmac - Hoosier Rally Canada<\/title>\n<meta name=\"robots\" content=\"index, follow, max-snippet:-1, max-image-preview:large, max-video-preview:-1\" \/>\n<link rel=\"canonical\" href=\"https:\/\/hoosierrally.ca\/fr\/tarmac-rally-tires\/\" \/>\n<meta property=\"og:locale\" content=\"fr_FR\" \/>\n<meta property=\"og:type\" content=\"article\" \/>\n<meta property=\"og:title\" content=\"Pneus de rallye sur Tarmac - Hoosier Rally Canada\" \/>\n<meta property=\"og:description\" content=\"Nous avons introduit les pneus Hoosier Tarmac Rally en 2015 et depuis, nous gagnons des courses. Con\u00e7u pour r\u00e9pondre \u00e0 la r\u00e9glementation FIA, il pr\u00e9sente des rainures diagonales coupant deux rainures circonf\u00e9rentielles. Disponible en quatre compos\u00e9s &#8211; humide, doux, moyen et dur. La sculpture de la bande de roulement peut \u00eatre d\u00e9coup\u00e9e en une bande ... Lire la suite\" \/>\n<meta property=\"og:url\" content=\"https:\/\/hoosierrally.ca\/fr\/tarmac-rally-tires\/\" \/>\n<meta property=\"og:site_name\" content=\"Hoosier Rally Canada\" \/>\n<meta property=\"article:publisher\" content=\"https:\/\/www.facebook.com\/hoosiertire\" \/>\n<meta property=\"article:modified_time\" content=\"2021-05-14T16:56:18+00:00\" \/>\n<meta property=\"og:image\" content=\"https:\/\/hoosierrally.ca\/wp-content\/uploads\/2021\/05\/Hoosier-Tarmac.jpg\" \/>\n<meta name=\"twitter:card\" content=\"summary_large_image\" \/>\n<meta name=\"twitter:site\" content=\"@HoosierTire\" \/>\n<meta name=\"twitter:label1\" content=\"Dur\u00e9e de lecture estim\u00e9e\" \/>\n\t<meta name=\"twitter:data1\" content=\"2 minutes\" \/>\n<script type=\"application\/ld+json\" class=\"yoast-schema-graph\">{\"@context\":\"https:\/\/schema.org\",\"@graph\":[{\"@type\":\"WebPage\",\"@id\":\"https:\/\/hoosierrally.ca\/fr\/tarmac-rally-tires\/\",\"url\":\"https:\/\/hoosierrally.ca\/fr\/tarmac-rally-tires\/\",\"name\":\"Pneus de rallye sur Tarmac - Hoosier Rally Canada\",\"isPartOf\":{\"@id\":\"https:\/\/hoosierrally.ca\/fr\/#website\"},\"primaryImageOfPage\":{\"@id\":\"https:\/\/hoosierrally.ca\/fr\/tarmac-rally-tires\/#primaryimage\"},\"image\":{\"@id\":\"https:\/\/hoosierrally.ca\/fr\/tarmac-rally-tires\/#primaryimage\"},\"thumbnailUrl\":\"https:\/\/hoosierrally.ca\/wp-content\/uploads\/2021\/05\/Hoosier-Tarmac.jpg\",\"datePublished\":\"2019-12-14T15:46:19+00:00\",\"dateModified\":\"2021-05-14T16:56:18+00:00\",\"breadcrumb\":{\"@id\":\"https:\/\/hoosierrally.ca\/fr\/tarmac-rally-tires\/#breadcrumb\"},\"inLanguage\":\"fr-FR\",\"potentialAction\":[{\"@type\":\"ReadAction\",\"target\":[\"https:\/\/hoosierrally.ca\/fr\/tarmac-rally-tires\/\"]}]},{\"@type\":\"ImageObject\",\"inLanguage\":\"fr-FR\",\"@id\":\"https:\/\/hoosierrally.ca\/fr\/tarmac-rally-tires\/#primaryimage\",\"url\":\"https:\/\/hoosierrally.ca\/wp-content\/uploads\/2021\/05\/Hoosier-Tarmac.jpg\",\"contentUrl\":\"https:\/\/hoosierrally.ca\/wp-content\/uploads\/2021\/05\/Hoosier-Tarmac.jpg\"},{\"@type\":\"BreadcrumbList\",\"@id\":\"https:\/\/hoosierrally.ca\/fr\/tarmac-rally-tires\/#breadcrumb\",\"itemListElement\":[{\"@type\":\"ListItem\",\"position\":1,\"name\":\"Home\",\"item\":\"https:\/\/hoosierrally.ca\/fr\/\"},{\"@type\":\"ListItem\",\"position\":2,\"name\":\"Pneus de rallye sur Tarmac\"}]},{\"@type\":\"WebSite\",\"@id\":\"https:\/\/hoosierrally.ca\/fr\/#website\",\"url\":\"https:\/\/hoosierrally.ca\/fr\/\",\"name\":\"Hoosier Rally Tires Canada\",\"description\":\"&quot;TIRES DESIGNED FOR CHAMPIONS&quot;\",\"publisher\":{\"@id\":\"https:\/\/hoosierrally.ca\/fr\/#organization\"},\"potentialAction\":[{\"@type\":\"SearchAction\",\"target\":{\"@type\":\"EntryPoint\",\"urlTemplate\":\"https:\/\/hoosierrally.ca\/fr\/?s={search_term_string}\"},\"query-input\":{\"@type\":\"PropertyValueSpecification\",\"valueRequired\":true,\"valueName\":\"search_term_string\"}}],\"inLanguage\":\"fr-FR\"},{\"@type\":\"Organization\",\"@id\":\"https:\/\/hoosierrally.ca\/fr\/#organization\",\"name\":\"Hoosier Rally Tires anada\",\"url\":\"https:\/\/hoosierrally.ca\/fr\/\",\"logo\":{\"@type\":\"ImageObject\",\"inLanguage\":\"fr-FR\",\"@id\":\"https:\/\/hoosierrally.ca\/fr\/#\/schema\/logo\/image\/\",\"url\":\"https:\/\/hoosierrally.ca\/wp-content\/uploads\/2019\/12\/Hoosier-Tire-Logo-small.jpg\",\"contentUrl\":\"https:\/\/hoosierrally.ca\/wp-content\/uploads\/2019\/12\/Hoosier-Tire-Logo-small.jpg\",\"width\":400,\"height\":138,\"caption\":\"Hoosier Rally Tires anada\"},\"image\":{\"@id\":\"https:\/\/hoosierrally.ca\/fr\/#\/schema\/logo\/image\/\"},\"sameAs\":[\"https:\/\/www.facebook.com\/hoosiertire\",\"https:\/\/x.com\/HoosierTire\",\"https:\/\/www.instagram.com\/hoosiertire\/\",\"https:\/\/www.linkedin.com\/company\/hoosier-racing-tire-corp.\/\",\"https:\/\/www.youtube.com\/channel\/UCleVCeHUiKF6ADTIBl1vN7A\",\"https:\/\/en.wikipedia.org\/wiki\/Hoosier_Racing_Tire\"]}]}<\/script>\n<!-- \/ Yoast SEO plugin. -->","yoast_head_json":{"title":"Pneus de rallye sur Tarmac - Hoosier Rally Canada","robots":{"index":"index","follow":"follow","max-snippet":"max-snippet:-1","max-image-preview":"max-image-preview:large","max-video-preview":"max-video-preview:-1"},"canonical":"https:\/\/hoosierrally.ca\/fr\/tarmac-rally-tires\/","og_locale":"fr_FR","og_type":"article","og_title":"Pneus de rallye sur Tarmac - Hoosier Rally Canada","og_description":"Nous avons introduit les pneus Hoosier Tarmac Rally en 2015 et depuis, nous gagnons des courses. Con\u00e7u pour r\u00e9pondre \u00e0 la r\u00e9glementation FIA, il pr\u00e9sente des rainures diagonales coupant deux rainures circonf\u00e9rentielles. Disponible en quatre compos\u00e9s &#8211; humide, doux, moyen et dur. La sculpture de la bande de roulement peut \u00eatre d\u00e9coup\u00e9e en une bande ... Lire la suite","og_url":"https:\/\/hoosierrally.ca\/fr\/tarmac-rally-tires\/","og_site_name":"Hoosier Rally Canada","article_publisher":"https:\/\/www.facebook.com\/hoosiertire","article_modified_time":"2021-05-14T16:56:18+00:00","og_image":[{"url":"https:\/\/hoosierrally.ca\/wp-content\/uploads\/2021\/05\/Hoosier-Tarmac.jpg","type":"","width":"","height":""}],"twitter_card":"summary_large_image","twitter_site":"@HoosierTire","twitter_misc":{"Dur\u00e9e de lecture estim\u00e9e":"2 minutes"},"schema":{"@context":"https:\/\/schema.org","@graph":[{"@type":"WebPage","@id":"https:\/\/hoosierrally.ca\/fr\/tarmac-rally-tires\/","url":"https:\/\/hoosierrally.ca\/fr\/tarmac-rally-tires\/","name":"Pneus de rallye sur Tarmac - Hoosier Rally Canada","isPartOf":{"@id":"https:\/\/hoosierrally.ca\/fr\/#website"},"primaryImageOfPage":{"@id":"https:\/\/hoosierrally.ca\/fr\/tarmac-rally-tires\/#primaryimage"},"image":{"@id":"https:\/\/hoosierrally.ca\/fr\/tarmac-rally-tires\/#primaryimage"},"thumbnailUrl":"https:\/\/hoosierrally.ca\/wp-content\/uploads\/2021\/05\/Hoosier-Tarmac.jpg","datePublished":"2019-12-14T15:46:19+00:00","dateModified":"2021-05-14T16:56:18+00:00","breadcrumb":{"@id":"https:\/\/hoosierrally.ca\/fr\/tarmac-rally-tires\/#breadcrumb"},"inLanguage":"fr-FR","potentialAction":[{"@type":"ReadAction","target":["https:\/\/hoosierrally.ca\/fr\/tarmac-rally-tires\/"]}]},{"@type":"ImageObject","inLanguage":"fr-FR","@id":"https:\/\/hoosierrally.ca\/fr\/tarmac-rally-tires\/#primaryimage","url":"https:\/\/hoosierrally.ca\/wp-content\/uploads\/2021\/05\/Hoosier-Tarmac.jpg","contentUrl":"https:\/\/hoosierrally.ca\/wp-content\/uploads\/2021\/05\/Hoosier-Tarmac.jpg"},{"@type":"BreadcrumbList","@id":"https:\/\/hoosierrally.ca\/fr\/tarmac-rally-tires\/#breadcrumb","itemListElement":[{"@type":"ListItem","position":1,"name":"Home","item":"https:\/\/hoosierrally.ca\/fr\/"},{"@type":"ListItem","position":2,"name":"Pneus de rallye sur Tarmac"}]},{"@type":"WebSite","@id":"https:\/\/hoosierrally.ca\/fr\/#website","url":"https:\/\/hoosierrally.ca\/fr\/","name":"Hoosier Rally Tires Canada","description":"&quot;TIRES DESIGNED FOR CHAMPIONS&quot;","publisher":{"@id":"https:\/\/hoosierrally.ca\/fr\/#organization"},"potentialAction":[{"@type":"SearchAction","target":{"@type":"EntryPoint","urlTemplate":"https:\/\/hoosierrally.ca\/fr\/?s={search_term_string}"},"query-input":{"@type":"PropertyValueSpecification","valueRequired":true,"valueName":"search_term_string"}}],"inLanguage":"fr-FR"},{"@type":"Organization","@id":"https:\/\/hoosierrally.ca\/fr\/#organization","name":"Hoosier Rally Tires anada","url":"https:\/\/hoosierrally.ca\/fr\/","logo":{"@type":"ImageObject","inLanguage":"fr-FR","@id":"https:\/\/hoosierrally.ca\/fr\/#\/schema\/logo\/image\/","url":"https:\/\/hoosierrally.ca\/wp-content\/uploads\/2019\/12\/Hoosier-Tire-Logo-small.jpg","contentUrl":"https:\/\/hoosierrally.ca\/wp-content\/uploads\/2019\/12\/Hoosier-Tire-Logo-small.jpg","width":400,"height":138,"caption":"Hoosier Rally Tires anada"},"image":{"@id":"https:\/\/hoosierrally.ca\/fr\/#\/schema\/logo\/image\/"},"sameAs":["https:\/\/www.facebook.com\/hoosiertire","https:\/\/x.com\/HoosierTire","https:\/\/www.instagram.com\/hoosiertire\/","https:\/\/www.linkedin.com\/company\/hoosier-racing-tire-corp.\/","https:\/\/www.youtube.com\/channel\/UCleVCeHUiKF6ADTIBl1vN7A","https:\/\/en.wikipedia.org\/wiki\/Hoosier_Racing_Tire"]}]}},"_links":{"self":[{"href":"https:\/\/hoosierrally.ca\/fr\/wp-json\/wp\/v2\/pages\/2164","targetHints":{"allow":["GET"]}}],"collection":[{"href":"https:\/\/hoosierrally.ca\/fr\/wp-json\/wp\/v2\/pages"}],"about":[{"href":"https:\/\/hoosierrally.ca\/fr\/wp-json\/wp\/v2\/types\/page"}],"author":[{"embeddable":true,"href":"https:\/\/hoosierrally.ca\/fr\/wp-json\/wp\/v2\/users\/1"}],"replies":[{"embeddable":true,"href":"https:\/\/hoosierrally.ca\/fr\/wp-json\/wp\/v2\/comments?post=2164"}],"version-history":[{"count":3,"href":"https:\/\/hoosierrally.ca\/fr\/wp-json\/wp\/v2\/pages\/2164\/revisions"}],"predecessor-version":[{"id":2265,"href":"https:\/\/hoosierrally.ca\/fr\/wp-json\/wp\/v2\/pages\/2164\/revisions\/2265"}],"wp:attachment":[{"href":"https:\/\/hoosierrally.ca\/fr\/wp-json\/wp\/v2\/media?parent=2164"}],"curies":[{"name":"wp","href":"https:\/\/api.w.org\/{rel}","templated":true}]}}