{"id":2392,"date":"2021-06-03T01:27:22","date_gmt":"2021-06-03T01:27:22","guid":{"rendered":"https:\/\/hoosierrally.ca\/product\/hoosier-tarmac-rally-tire-18-inches\/"},"modified":"2021-06-03T02:34:45","modified_gmt":"2021-06-03T02:34:45","slug":"hoosier-pneu-de-rallye-tarmac-18-pouces","status":"publish","type":"product","link":"https:\/\/hoosierrally.ca\/fr\/produit\/hoosier-pneu-de-rallye-tarmac-18-pouces\/","title":{"rendered":"Hoosier Pneu de rallye Tarmac &#8211; 18 pouces"},"content":{"rendered":"<p>Nous avons introduit les pneus Hoosier Tarmac Rally en 2015 et avons remport\u00e9 des courses depuis. Con\u00e7u pour r\u00e9pondre aux r\u00e9glementations FIA, il pr\u00e9sente des rainures diagonales croisant deux rainures circonf\u00e9rentielles. Disponible en quatre compos\u00e9s \u2013 Wet, Soft, Medium et Hard. La sculpture de la bande de roulement peut \u00eatre d\u00e9coup\u00e9e en une bande de roulement interm\u00e9diaire ou humide.<\/p>\n","protected":false},"excerpt":{"rendered":"<p class=\"p1\">200\/650R18 &amp; 225\/40R18<\/p>\n<p>&nbsp;<\/p>\n","protected":false},"featured_media":2349,"template":"","meta":{"_coblocks_attr":"","_coblocks_dimensions":"","_coblocks_responsive_height":"","_coblocks_accordion_ie_support":""},"product_brand":[],"product_cat":[209],"product_tag":[],"class_list":{"0":"post-2392","1":"product","2":"type-product","3":"status-publish","4":"has-post-thumbnail","6":"product_cat-pneus-de-tarmac","8":"first","9":"outofstock","10":"shipping-taxable","11":"purchasable","12":"product-type-variable"},"yoast_head":"<!-- This site is optimized with the Yoast SEO plugin v27.2 - https:\/\/yoast.com\/product\/yoast-seo-wordpress\/ -->\n<title>Hoosier Pneu de rallye Tarmac - 18 pouces - Hoosier Rally Canada<\/title>\n<meta name=\"robots\" content=\"index, follow, max-snippet:-1, max-image-preview:large, max-video-preview:-1\" \/>\n<link rel=\"canonical\" href=\"https:\/\/hoosierrally.ca\/fr\/produit\/hoosier-pneu-de-rallye-tarmac-18-pouces\/\" \/>\n<meta property=\"og:locale\" content=\"fr_FR\" \/>\n<meta property=\"og:type\" content=\"article\" \/>\n<meta property=\"og:title\" content=\"Hoosier Pneu de rallye Tarmac - 18 pouces - Hoosier Rally Canada\" \/>\n<meta property=\"og:description\" content=\"200\/650R18 &amp; 225\/40R18 &nbsp;\" \/>\n<meta property=\"og:url\" content=\"https:\/\/hoosierrally.ca\/fr\/produit\/hoosier-pneu-de-rallye-tarmac-18-pouces\/\" \/>\n<meta property=\"og:site_name\" content=\"Hoosier Rally Canada\" \/>\n<meta property=\"article:publisher\" content=\"https:\/\/www.facebook.com\/hoosiertire\" \/>\n<meta property=\"article:modified_time\" content=\"2021-06-03T02:34:45+00:00\" \/>\n<meta property=\"og:image\" content=\"https:\/\/hoosierrally.ca\/wp-content\/uploads\/2021\/06\/HOO44500DS-15-200.jpg\" \/>\n\t<meta property=\"og:image:width\" content=\"859\" \/>\n\t<meta property=\"og:image:height\" content=\"1280\" \/>\n\t<meta property=\"og:image:type\" content=\"image\/jpeg\" \/>\n<meta name=\"twitter:card\" content=\"summary_large_image\" \/>\n<meta name=\"twitter:site\" content=\"@HoosierTire\" \/>\n<meta name=\"twitter:label1\" content=\"Dur\u00e9e de lecture estim\u00e9e\" \/>\n\t<meta name=\"twitter:data1\" content=\"1 minute\" \/>\n<script type=\"application\/ld+json\" class=\"yoast-schema-graph\">{\"@context\":\"https:\/\/schema.org\",\"@graph\":[{\"@type\":\"WebPage\",\"@id\":\"https:\/\/hoosierrally.ca\/fr\/produit\/hoosier-pneu-de-rallye-tarmac-18-pouces\/\",\"url\":\"https:\/\/hoosierrally.ca\/fr\/produit\/hoosier-pneu-de-rallye-tarmac-18-pouces\/\",\"name\":\"Hoosier Pneu de rallye Tarmac - 18 pouces - Hoosier Rally Canada\",\"isPartOf\":{\"@id\":\"https:\/\/hoosierrally.ca\/fr\/#website\"},\"primaryImageOfPage\":{\"@id\":\"https:\/\/hoosierrally.ca\/fr\/produit\/hoosier-pneu-de-rallye-tarmac-18-pouces\/#primaryimage\"},\"image\":{\"@id\":\"https:\/\/hoosierrally.ca\/fr\/produit\/hoosier-pneu-de-rallye-tarmac-18-pouces\/#primaryimage\"},\"thumbnailUrl\":\"https:\/\/hoosierrally.ca\/wp-content\/uploads\/2021\/06\/HOO44500DS-15-200.jpg\",\"datePublished\":\"2021-06-03T01:27:22+00:00\",\"dateModified\":\"2021-06-03T02:34:45+00:00\",\"breadcrumb\":{\"@id\":\"https:\/\/hoosierrally.ca\/fr\/produit\/hoosier-pneu-de-rallye-tarmac-18-pouces\/#breadcrumb\"},\"inLanguage\":\"fr-FR\",\"potentialAction\":[{\"@type\":\"ReadAction\",\"target\":[\"https:\/\/hoosierrally.ca\/fr\/produit\/hoosier-pneu-de-rallye-tarmac-18-pouces\/\"]}]},{\"@type\":\"ImageObject\",\"inLanguage\":\"fr-FR\",\"@id\":\"https:\/\/hoosierrally.ca\/fr\/produit\/hoosier-pneu-de-rallye-tarmac-18-pouces\/#primaryimage\",\"url\":\"https:\/\/hoosierrally.ca\/wp-content\/uploads\/2021\/06\/HOO44500DS-15-200.jpg\",\"contentUrl\":\"https:\/\/hoosierrally.ca\/wp-content\/uploads\/2021\/06\/HOO44500DS-15-200.jpg\",\"width\":859,\"height\":1280,\"caption\":\"Hoosier Tarmac Rally Tire - 15 inches\"},{\"@type\":\"BreadcrumbList\",\"@id\":\"https:\/\/hoosierrally.ca\/fr\/produit\/hoosier-pneu-de-rallye-tarmac-18-pouces\/#breadcrumb\",\"itemListElement\":[{\"@type\":\"ListItem\",\"position\":1,\"name\":\"Home\",\"item\":\"https:\/\/hoosierrally.ca\/fr\/\"},{\"@type\":\"ListItem\",\"position\":2,\"name\":\"Shop\",\"item\":\"https:\/\/hoosierrally.ca\/shop\/\"},{\"@type\":\"ListItem\",\"position\":3,\"name\":\"Hoosier Pneu de rallye Tarmac &#8211; 18 pouces\"}]},{\"@type\":\"WebSite\",\"@id\":\"https:\/\/hoosierrally.ca\/fr\/#website\",\"url\":\"https:\/\/hoosierrally.ca\/fr\/\",\"name\":\"Hoosier Rally Tires Canada\",\"description\":\"&quot;TIRES DESIGNED FOR CHAMPIONS&quot;\",\"publisher\":{\"@id\":\"https:\/\/hoosierrally.ca\/fr\/#organization\"},\"potentialAction\":[{\"@type\":\"SearchAction\",\"target\":{\"@type\":\"EntryPoint\",\"urlTemplate\":\"https:\/\/hoosierrally.ca\/fr\/?s={search_term_string}\"},\"query-input\":{\"@type\":\"PropertyValueSpecification\",\"valueRequired\":true,\"valueName\":\"search_term_string\"}}],\"inLanguage\":\"fr-FR\"},{\"@type\":\"Organization\",\"@id\":\"https:\/\/hoosierrally.ca\/fr\/#organization\",\"name\":\"Hoosier Rally Tires anada\",\"url\":\"https:\/\/hoosierrally.ca\/fr\/\",\"logo\":{\"@type\":\"ImageObject\",\"inLanguage\":\"fr-FR\",\"@id\":\"https:\/\/hoosierrally.ca\/fr\/#\/schema\/logo\/image\/\",\"url\":\"https:\/\/hoosierrally.ca\/wp-content\/uploads\/2019\/12\/Hoosier-Tire-Logo-small.jpg\",\"contentUrl\":\"https:\/\/hoosierrally.ca\/wp-content\/uploads\/2019\/12\/Hoosier-Tire-Logo-small.jpg\",\"width\":400,\"height\":138,\"caption\":\"Hoosier Rally Tires anada\"},\"image\":{\"@id\":\"https:\/\/hoosierrally.ca\/fr\/#\/schema\/logo\/image\/\"},\"sameAs\":[\"https:\/\/www.facebook.com\/hoosiertire\",\"https:\/\/x.com\/HoosierTire\",\"https:\/\/www.instagram.com\/hoosiertire\/\",\"https:\/\/www.linkedin.com\/company\/hoosier-racing-tire-corp.\/\",\"https:\/\/www.youtube.com\/channel\/UCleVCeHUiKF6ADTIBl1vN7A\",\"https:\/\/en.wikipedia.org\/wiki\/Hoosier_Racing_Tire\"]}]}<\/script>\n<!-- \/ Yoast SEO plugin. -->","yoast_head_json":{"title":"Hoosier Pneu de rallye Tarmac - 18 pouces - Hoosier Rally Canada","robots":{"index":"index","follow":"follow","max-snippet":"max-snippet:-1","max-image-preview":"max-image-preview:large","max-video-preview":"max-video-preview:-1"},"canonical":"https:\/\/hoosierrally.ca\/fr\/produit\/hoosier-pneu-de-rallye-tarmac-18-pouces\/","og_locale":"fr_FR","og_type":"article","og_title":"Hoosier Pneu de rallye Tarmac - 18 pouces - Hoosier Rally Canada","og_description":"200\/650R18 &amp; 225\/40R18 &nbsp;","og_url":"https:\/\/hoosierrally.ca\/fr\/produit\/hoosier-pneu-de-rallye-tarmac-18-pouces\/","og_site_name":"Hoosier Rally Canada","article_publisher":"https:\/\/www.facebook.com\/hoosiertire","article_modified_time":"2021-06-03T02:34:45+00:00","og_image":[{"width":859,"height":1280,"url":"https:\/\/hoosierrally.ca\/wp-content\/uploads\/2021\/06\/HOO44500DS-15-200.jpg","type":"image\/jpeg"}],"twitter_card":"summary_large_image","twitter_site":"@HoosierTire","twitter_misc":{"Dur\u00e9e de lecture estim\u00e9e":"1 minute"},"schema":{"@context":"https:\/\/schema.org","@graph":[{"@type":"WebPage","@id":"https:\/\/hoosierrally.ca\/fr\/produit\/hoosier-pneu-de-rallye-tarmac-18-pouces\/","url":"https:\/\/hoosierrally.ca\/fr\/produit\/hoosier-pneu-de-rallye-tarmac-18-pouces\/","name":"Hoosier Pneu de rallye Tarmac - 18 pouces - Hoosier Rally Canada","isPartOf":{"@id":"https:\/\/hoosierrally.ca\/fr\/#website"},"primaryImageOfPage":{"@id":"https:\/\/hoosierrally.ca\/fr\/produit\/hoosier-pneu-de-rallye-tarmac-18-pouces\/#primaryimage"},"image":{"@id":"https:\/\/hoosierrally.ca\/fr\/produit\/hoosier-pneu-de-rallye-tarmac-18-pouces\/#primaryimage"},"thumbnailUrl":"https:\/\/hoosierrally.ca\/wp-content\/uploads\/2021\/06\/HOO44500DS-15-200.jpg","datePublished":"2021-06-03T01:27:22+00:00","dateModified":"2021-06-03T02:34:45+00:00","breadcrumb":{"@id":"https:\/\/hoosierrally.ca\/fr\/produit\/hoosier-pneu-de-rallye-tarmac-18-pouces\/#breadcrumb"},"inLanguage":"fr-FR","potentialAction":[{"@type":"ReadAction","target":["https:\/\/hoosierrally.ca\/fr\/produit\/hoosier-pneu-de-rallye-tarmac-18-pouces\/"]}]},{"@type":"ImageObject","inLanguage":"fr-FR","@id":"https:\/\/hoosierrally.ca\/fr\/produit\/hoosier-pneu-de-rallye-tarmac-18-pouces\/#primaryimage","url":"https:\/\/hoosierrally.ca\/wp-content\/uploads\/2021\/06\/HOO44500DS-15-200.jpg","contentUrl":"https:\/\/hoosierrally.ca\/wp-content\/uploads\/2021\/06\/HOO44500DS-15-200.jpg","width":859,"height":1280,"caption":"Hoosier Tarmac Rally Tire - 15 inches"},{"@type":"BreadcrumbList","@id":"https:\/\/hoosierrally.ca\/fr\/produit\/hoosier-pneu-de-rallye-tarmac-18-pouces\/#breadcrumb","itemListElement":[{"@type":"ListItem","position":1,"name":"Home","item":"https:\/\/hoosierrally.ca\/fr\/"},{"@type":"ListItem","position":2,"name":"Shop","item":"https:\/\/hoosierrally.ca\/shop\/"},{"@type":"ListItem","position":3,"name":"Hoosier Pneu de rallye Tarmac &#8211; 18 pouces"}]},{"@type":"WebSite","@id":"https:\/\/hoosierrally.ca\/fr\/#website","url":"https:\/\/hoosierrally.ca\/fr\/","name":"Hoosier Rally Tires Canada","description":"&quot;TIRES DESIGNED FOR CHAMPIONS&quot;","publisher":{"@id":"https:\/\/hoosierrally.ca\/fr\/#organization"},"potentialAction":[{"@type":"SearchAction","target":{"@type":"EntryPoint","urlTemplate":"https:\/\/hoosierrally.ca\/fr\/?s={search_term_string}"},"query-input":{"@type":"PropertyValueSpecification","valueRequired":true,"valueName":"search_term_string"}}],"inLanguage":"fr-FR"},{"@type":"Organization","@id":"https:\/\/hoosierrally.ca\/fr\/#organization","name":"Hoosier Rally Tires anada","url":"https:\/\/hoosierrally.ca\/fr\/","logo":{"@type":"ImageObject","inLanguage":"fr-FR","@id":"https:\/\/hoosierrally.ca\/fr\/#\/schema\/logo\/image\/","url":"https:\/\/hoosierrally.ca\/wp-content\/uploads\/2019\/12\/Hoosier-Tire-Logo-small.jpg","contentUrl":"https:\/\/hoosierrally.ca\/wp-content\/uploads\/2019\/12\/Hoosier-Tire-Logo-small.jpg","width":400,"height":138,"caption":"Hoosier Rally Tires anada"},"image":{"@id":"https:\/\/hoosierrally.ca\/fr\/#\/schema\/logo\/image\/"},"sameAs":["https:\/\/www.facebook.com\/hoosiertire","https:\/\/x.com\/HoosierTire","https:\/\/www.instagram.com\/hoosiertire\/","https:\/\/www.linkedin.com\/company\/hoosier-racing-tire-corp.\/","https:\/\/www.youtube.com\/channel\/UCleVCeHUiKF6ADTIBl1vN7A","https:\/\/en.wikipedia.org\/wiki\/Hoosier_Racing_Tire"]}]}},"_links":{"self":[{"href":"https:\/\/hoosierrally.ca\/fr\/wp-json\/wp\/v2\/product\/2392","targetHints":{"allow":["GET"]}}],"collection":[{"href":"https:\/\/hoosierrally.ca\/fr\/wp-json\/wp\/v2\/product"}],"about":[{"href":"https:\/\/hoosierrally.ca\/fr\/wp-json\/wp\/v2\/types\/product"}],"wp:featuredmedia":[{"embeddable":true,"href":"https:\/\/hoosierrally.ca\/fr\/wp-json\/wp\/v2\/media\/2349"}],"wp:attachment":[{"href":"https:\/\/hoosierrally.ca\/fr\/wp-json\/wp\/v2\/media?parent=2392"}],"wp:term":[{"taxonomy":"product_brand","embeddable":true,"href":"https:\/\/hoosierrally.ca\/fr\/wp-json\/wp\/v2\/product_brand?post=2392"},{"taxonomy":"product_cat","embeddable":true,"href":"https:\/\/hoosierrally.ca\/fr\/wp-json\/wp\/v2\/product_cat?post=2392"},{"taxonomy":"product_tag","embeddable":true,"href":"https:\/\/hoosierrally.ca\/fr\/wp-json\/wp\/v2\/product_tag?post=2392"}],"curies":[{"name":"wp","href":"https:\/\/api.w.org\/{rel}","templated":true}]}}