{"id":2422,"date":"2019-05-16T09:54:24","date_gmt":"2019-05-16T09:54:24","guid":{"rendered":"https:\/\/hoosierrally.ca\/product\/hoosier-gravel-rally-tire-hard-15-inches\/"},"modified":"2023-10-23T17:10:42","modified_gmt":"2023-10-23T17:10:42","slug":"hoosier-pneu-de-rallye-tarmac-15-pouces","status":"publish","type":"product","link":"https:\/\/hoosierrally.ca\/fr\/produit\/hoosier-pneu-de-rallye-tarmac-15-pouces\/","title":{"rendered":"Hoosier Pneu de rallye Tarmac- 15 pouces"},"content":{"rendered":"<p>En s\u2019appuyant sur notre gamme gagnante de pneus de course, Hoosier propose nos pneus Gravel Rally \u00e9prouv\u00e9s en course. Disponible en trois tailles 15\u2033 et deux tailles 13\u2033. Fabriqu\u00e9 avec une conception de bande de roulement asym\u00e9trique qui offre des performances sur les surfaces molles et meubles, moul\u00e9 dans des lamelles qui aident au freinage et \u00e0 la traction tout en maintenant un excellent niveau d\u2019usure. Les blocs d\u2019\u00e9paulement anti-roche et la conception renforc\u00e9e des flancs offrent une r\u00e9sistance \u00e0 la perforation. Une conception de flanc unique qui prot\u00e8ge la jante et le flanc des impacts accidentels.<\/p>\n","protected":false},"excerpt":{"rendered":"<ul>\n<li class=\"p1\">185\/65R-15<\/li>\n<li class=\"p1\">195\/65R-15<\/li>\n<li class=\"p1\">205\/65R15<span class=\"Apple-converted-space\">\u00a0<\/span><\/li>\n<\/ul>\n","protected":false},"featured_media":2413,"template":"","meta":{"_coblocks_attr":"","_coblocks_dimensions":"","_coblocks_responsive_height":"","_coblocks_accordion_ie_support":""},"product_brand":[],"product_cat":[208],"product_tag":[],"class_list":{"0":"post-2422","1":"product","2":"type-product","3":"status-publish","4":"has-post-thumbnail","6":"product_cat-pneus-de-gravel","8":"first","9":"instock","10":"sale","11":"shipping-taxable","12":"purchasable","13":"product-type-variable","14":"has-default-attributes"},"yoast_head":"<!-- This site is optimized with the Yoast SEO plugin v27.2 - https:\/\/yoast.com\/product\/yoast-seo-wordpress\/ -->\n<title>Hoosier Pneu de rallye Tarmac- 15 pouces - Hoosier Rally Canada<\/title>\n<meta name=\"robots\" content=\"index, follow, max-snippet:-1, max-image-preview:large, max-video-preview:-1\" \/>\n<link rel=\"canonical\" href=\"https:\/\/hoosierrally.ca\/fr\/produit\/hoosier-pneu-de-rallye-tarmac-15-pouces\/\" \/>\n<meta property=\"og:locale\" content=\"fr_FR\" \/>\n<meta property=\"og:type\" content=\"article\" \/>\n<meta property=\"og:title\" content=\"Hoosier Pneu de rallye Tarmac- 15 pouces - Hoosier Rally Canada\" \/>\n<meta property=\"og:description\" content=\"185\/65R-15  195\/65R-15  205\/65R15\u00a0\" \/>\n<meta property=\"og:url\" content=\"https:\/\/hoosierrally.ca\/fr\/produit\/hoosier-pneu-de-rallye-tarmac-15-pouces\/\" \/>\n<meta property=\"og:site_name\" content=\"Hoosier Rally Canada\" \/>\n<meta property=\"article:publisher\" content=\"https:\/\/www.facebook.com\/hoosiertire\" \/>\n<meta property=\"article:modified_time\" content=\"2023-10-23T17:10:42+00:00\" \/>\n<meta property=\"og:image\" content=\"https:\/\/hoosierrally.ca\/wp-content\/uploads\/2019\/05\/hoosier-rally-tire.jpg\" \/>\n\t<meta property=\"og:image:width\" content=\"400\" \/>\n\t<meta property=\"og:image:height\" content=\"585\" \/>\n\t<meta property=\"og:image:type\" content=\"image\/jpeg\" \/>\n<meta name=\"twitter:card\" content=\"summary_large_image\" \/>\n<meta name=\"twitter:site\" content=\"@HoosierTire\" \/>\n<meta name=\"twitter:label1\" content=\"Dur\u00e9e de lecture estim\u00e9e\" \/>\n\t<meta name=\"twitter:data1\" content=\"1 minute\" \/>\n<script type=\"application\/ld+json\" class=\"yoast-schema-graph\">{\"@context\":\"https:\/\/schema.org\",\"@graph\":[{\"@type\":\"WebPage\",\"@id\":\"https:\/\/hoosierrally.ca\/fr\/produit\/hoosier-pneu-de-rallye-tarmac-15-pouces\/\",\"url\":\"https:\/\/hoosierrally.ca\/fr\/produit\/hoosier-pneu-de-rallye-tarmac-15-pouces\/\",\"name\":\"Hoosier Pneu de rallye Tarmac- 15 pouces - Hoosier Rally Canada\",\"isPartOf\":{\"@id\":\"https:\/\/hoosierrally.ca\/fr\/#website\"},\"primaryImageOfPage\":{\"@id\":\"https:\/\/hoosierrally.ca\/fr\/produit\/hoosier-pneu-de-rallye-tarmac-15-pouces\/#primaryimage\"},\"image\":{\"@id\":\"https:\/\/hoosierrally.ca\/fr\/produit\/hoosier-pneu-de-rallye-tarmac-15-pouces\/#primaryimage\"},\"thumbnailUrl\":\"https:\/\/hoosierrally.ca\/wp-content\/uploads\/2019\/05\/hoosier-rally-tire.jpg\",\"datePublished\":\"2019-05-16T09:54:24+00:00\",\"dateModified\":\"2023-10-23T17:10:42+00:00\",\"breadcrumb\":{\"@id\":\"https:\/\/hoosierrally.ca\/fr\/produit\/hoosier-pneu-de-rallye-tarmac-15-pouces\/#breadcrumb\"},\"inLanguage\":\"fr-FR\",\"potentialAction\":[{\"@type\":\"ReadAction\",\"target\":[\"https:\/\/hoosierrally.ca\/fr\/produit\/hoosier-pneu-de-rallye-tarmac-15-pouces\/\"]}]},{\"@type\":\"ImageObject\",\"inLanguage\":\"fr-FR\",\"@id\":\"https:\/\/hoosierrally.ca\/fr\/produit\/hoosier-pneu-de-rallye-tarmac-15-pouces\/#primaryimage\",\"url\":\"https:\/\/hoosierrally.ca\/wp-content\/uploads\/2019\/05\/hoosier-rally-tire.jpg\",\"contentUrl\":\"https:\/\/hoosierrally.ca\/wp-content\/uploads\/2019\/05\/hoosier-rally-tire.jpg\",\"width\":400,\"height\":585,\"caption\":\"Hoosier Rally Tire\"},{\"@type\":\"BreadcrumbList\",\"@id\":\"https:\/\/hoosierrally.ca\/fr\/produit\/hoosier-pneu-de-rallye-tarmac-15-pouces\/#breadcrumb\",\"itemListElement\":[{\"@type\":\"ListItem\",\"position\":1,\"name\":\"Home\",\"item\":\"https:\/\/hoosierrally.ca\/fr\/\"},{\"@type\":\"ListItem\",\"position\":2,\"name\":\"Shop\",\"item\":\"https:\/\/hoosierrally.ca\/shop\/\"},{\"@type\":\"ListItem\",\"position\":3,\"name\":\"Hoosier Pneu de rallye Tarmac- 15 pouces\"}]},{\"@type\":\"WebSite\",\"@id\":\"https:\/\/hoosierrally.ca\/fr\/#website\",\"url\":\"https:\/\/hoosierrally.ca\/fr\/\",\"name\":\"Hoosier Rally Tires Canada\",\"description\":\"&quot;TIRES DESIGNED FOR CHAMPIONS&quot;\",\"publisher\":{\"@id\":\"https:\/\/hoosierrally.ca\/fr\/#organization\"},\"potentialAction\":[{\"@type\":\"SearchAction\",\"target\":{\"@type\":\"EntryPoint\",\"urlTemplate\":\"https:\/\/hoosierrally.ca\/fr\/?s={search_term_string}\"},\"query-input\":{\"@type\":\"PropertyValueSpecification\",\"valueRequired\":true,\"valueName\":\"search_term_string\"}}],\"inLanguage\":\"fr-FR\"},{\"@type\":\"Organization\",\"@id\":\"https:\/\/hoosierrally.ca\/fr\/#organization\",\"name\":\"Hoosier Rally Tires anada\",\"url\":\"https:\/\/hoosierrally.ca\/fr\/\",\"logo\":{\"@type\":\"ImageObject\",\"inLanguage\":\"fr-FR\",\"@id\":\"https:\/\/hoosierrally.ca\/fr\/#\/schema\/logo\/image\/\",\"url\":\"https:\/\/hoosierrally.ca\/wp-content\/uploads\/2019\/12\/Hoosier-Tire-Logo-small.jpg\",\"contentUrl\":\"https:\/\/hoosierrally.ca\/wp-content\/uploads\/2019\/12\/Hoosier-Tire-Logo-small.jpg\",\"width\":400,\"height\":138,\"caption\":\"Hoosier Rally Tires anada\"},\"image\":{\"@id\":\"https:\/\/hoosierrally.ca\/fr\/#\/schema\/logo\/image\/\"},\"sameAs\":[\"https:\/\/www.facebook.com\/hoosiertire\",\"https:\/\/x.com\/HoosierTire\",\"https:\/\/www.instagram.com\/hoosiertire\/\",\"https:\/\/www.linkedin.com\/company\/hoosier-racing-tire-corp.\/\",\"https:\/\/www.youtube.com\/channel\/UCleVCeHUiKF6ADTIBl1vN7A\",\"https:\/\/en.wikipedia.org\/wiki\/Hoosier_Racing_Tire\"]}]}<\/script>\n<!-- \/ Yoast SEO plugin. -->","yoast_head_json":{"title":"Hoosier Pneu de rallye Tarmac- 15 pouces - Hoosier Rally Canada","robots":{"index":"index","follow":"follow","max-snippet":"max-snippet:-1","max-image-preview":"max-image-preview:large","max-video-preview":"max-video-preview:-1"},"canonical":"https:\/\/hoosierrally.ca\/fr\/produit\/hoosier-pneu-de-rallye-tarmac-15-pouces\/","og_locale":"fr_FR","og_type":"article","og_title":"Hoosier Pneu de rallye Tarmac- 15 pouces - Hoosier Rally Canada","og_description":"185\/65R-15  195\/65R-15  205\/65R15\u00a0","og_url":"https:\/\/hoosierrally.ca\/fr\/produit\/hoosier-pneu-de-rallye-tarmac-15-pouces\/","og_site_name":"Hoosier Rally Canada","article_publisher":"https:\/\/www.facebook.com\/hoosiertire","article_modified_time":"2023-10-23T17:10:42+00:00","og_image":[{"width":400,"height":585,"url":"https:\/\/hoosierrally.ca\/wp-content\/uploads\/2019\/05\/hoosier-rally-tire.jpg","type":"image\/jpeg"}],"twitter_card":"summary_large_image","twitter_site":"@HoosierTire","twitter_misc":{"Dur\u00e9e de lecture estim\u00e9e":"1 minute"},"schema":{"@context":"https:\/\/schema.org","@graph":[{"@type":"WebPage","@id":"https:\/\/hoosierrally.ca\/fr\/produit\/hoosier-pneu-de-rallye-tarmac-15-pouces\/","url":"https:\/\/hoosierrally.ca\/fr\/produit\/hoosier-pneu-de-rallye-tarmac-15-pouces\/","name":"Hoosier Pneu de rallye Tarmac- 15 pouces - Hoosier Rally Canada","isPartOf":{"@id":"https:\/\/hoosierrally.ca\/fr\/#website"},"primaryImageOfPage":{"@id":"https:\/\/hoosierrally.ca\/fr\/produit\/hoosier-pneu-de-rallye-tarmac-15-pouces\/#primaryimage"},"image":{"@id":"https:\/\/hoosierrally.ca\/fr\/produit\/hoosier-pneu-de-rallye-tarmac-15-pouces\/#primaryimage"},"thumbnailUrl":"https:\/\/hoosierrally.ca\/wp-content\/uploads\/2019\/05\/hoosier-rally-tire.jpg","datePublished":"2019-05-16T09:54:24+00:00","dateModified":"2023-10-23T17:10:42+00:00","breadcrumb":{"@id":"https:\/\/hoosierrally.ca\/fr\/produit\/hoosier-pneu-de-rallye-tarmac-15-pouces\/#breadcrumb"},"inLanguage":"fr-FR","potentialAction":[{"@type":"ReadAction","target":["https:\/\/hoosierrally.ca\/fr\/produit\/hoosier-pneu-de-rallye-tarmac-15-pouces\/"]}]},{"@type":"ImageObject","inLanguage":"fr-FR","@id":"https:\/\/hoosierrally.ca\/fr\/produit\/hoosier-pneu-de-rallye-tarmac-15-pouces\/#primaryimage","url":"https:\/\/hoosierrally.ca\/wp-content\/uploads\/2019\/05\/hoosier-rally-tire.jpg","contentUrl":"https:\/\/hoosierrally.ca\/wp-content\/uploads\/2019\/05\/hoosier-rally-tire.jpg","width":400,"height":585,"caption":"Hoosier Rally Tire"},{"@type":"BreadcrumbList","@id":"https:\/\/hoosierrally.ca\/fr\/produit\/hoosier-pneu-de-rallye-tarmac-15-pouces\/#breadcrumb","itemListElement":[{"@type":"ListItem","position":1,"name":"Home","item":"https:\/\/hoosierrally.ca\/fr\/"},{"@type":"ListItem","position":2,"name":"Shop","item":"https:\/\/hoosierrally.ca\/shop\/"},{"@type":"ListItem","position":3,"name":"Hoosier Pneu de rallye Tarmac- 15 pouces"}]},{"@type":"WebSite","@id":"https:\/\/hoosierrally.ca\/fr\/#website","url":"https:\/\/hoosierrally.ca\/fr\/","name":"Hoosier Rally Tires Canada","description":"&quot;TIRES DESIGNED FOR CHAMPIONS&quot;","publisher":{"@id":"https:\/\/hoosierrally.ca\/fr\/#organization"},"potentialAction":[{"@type":"SearchAction","target":{"@type":"EntryPoint","urlTemplate":"https:\/\/hoosierrally.ca\/fr\/?s={search_term_string}"},"query-input":{"@type":"PropertyValueSpecification","valueRequired":true,"valueName":"search_term_string"}}],"inLanguage":"fr-FR"},{"@type":"Organization","@id":"https:\/\/hoosierrally.ca\/fr\/#organization","name":"Hoosier Rally Tires anada","url":"https:\/\/hoosierrally.ca\/fr\/","logo":{"@type":"ImageObject","inLanguage":"fr-FR","@id":"https:\/\/hoosierrally.ca\/fr\/#\/schema\/logo\/image\/","url":"https:\/\/hoosierrally.ca\/wp-content\/uploads\/2019\/12\/Hoosier-Tire-Logo-small.jpg","contentUrl":"https:\/\/hoosierrally.ca\/wp-content\/uploads\/2019\/12\/Hoosier-Tire-Logo-small.jpg","width":400,"height":138,"caption":"Hoosier Rally Tires anada"},"image":{"@id":"https:\/\/hoosierrally.ca\/fr\/#\/schema\/logo\/image\/"},"sameAs":["https:\/\/www.facebook.com\/hoosiertire","https:\/\/x.com\/HoosierTire","https:\/\/www.instagram.com\/hoosiertire\/","https:\/\/www.linkedin.com\/company\/hoosier-racing-tire-corp.\/","https:\/\/www.youtube.com\/channel\/UCleVCeHUiKF6ADTIBl1vN7A","https:\/\/en.wikipedia.org\/wiki\/Hoosier_Racing_Tire"]}]}},"_links":{"self":[{"href":"https:\/\/hoosierrally.ca\/fr\/wp-json\/wp\/v2\/product\/2422","targetHints":{"allow":["GET"]}}],"collection":[{"href":"https:\/\/hoosierrally.ca\/fr\/wp-json\/wp\/v2\/product"}],"about":[{"href":"https:\/\/hoosierrally.ca\/fr\/wp-json\/wp\/v2\/types\/product"}],"wp:featuredmedia":[{"embeddable":true,"href":"https:\/\/hoosierrally.ca\/fr\/wp-json\/wp\/v2\/media\/2413"}],"wp:attachment":[{"href":"https:\/\/hoosierrally.ca\/fr\/wp-json\/wp\/v2\/media?parent=2422"}],"wp:term":[{"taxonomy":"product_brand","embeddable":true,"href":"https:\/\/hoosierrally.ca\/fr\/wp-json\/wp\/v2\/product_brand?post=2422"},{"taxonomy":"product_cat","embeddable":true,"href":"https:\/\/hoosierrally.ca\/fr\/wp-json\/wp\/v2\/product_cat?post=2422"},{"taxonomy":"product_tag","embeddable":true,"href":"https:\/\/hoosierrally.ca\/fr\/wp-json\/wp\/v2\/product_tag?post=2422"}],"curies":[{"name":"wp","href":"https:\/\/api.w.org\/{rel}","templated":true}]}}